{"id":27566,"date":"2020-10-15T12:42:58","date_gmt":"2020-10-15T12:42:58","guid":{"rendered":"https:\/\/comark-logistics.com\/o-nama\/"},"modified":"2023-11-16T12:20:52","modified_gmt":"2023-11-16T12:20:52","slug":"politika-kolacica","status":"publish","type":"page","link":"https:\/\/comark-logistics.com\/hr\/politika-kolacica\/","title":{"rendered":"Politika kola\u010di\u0107a"},"content":{"rendered":"<div class=\"row\"  id=\"row-1304940515\">\n\n\t<div id=\"col-1142310378\" class=\"col small-12 large-12\"  >\n\t\t\t\t<div class=\"col-inner\"  >\n\t\t\t\n\t\t\t\n<div>Web stranica Comark za nesmetan rad koristi takozvane kola\u010di\u0107e. To su datoteke koje su pohranjene na ure\u0111aju korisnika, a koje koriste za pristup web stranici. Kola\u010di\u0107i sadr\u017ee jedinstvene podatke o korisniku i njegovim postavkama i preferencijama na web stranici.<\/div>\n<div>\n<h2>\u0160to su kola\u010di\u0107i?<\/h2>\n<p>Kola\u010di\u0107i su male tekstualne datoteke koje ve\u0107ina web stranica koristi za pohranjivanje podataka o ure\u0111ajima korisnika kojima pristupaju internetu, s ciljem identificiranja pojedina\u010dnih ure\u0111aja koje korisnici koriste za pristup. Njihovo pohranjivanje je pod potpunom kontrolom korisni\u010dkog preglednika &#8211; dopu\u0161taju\u0107i korisnicima da ograni\u010de ili onemogu\u0107e pohranjivanje kola\u010di\u0107a.<\/p>\n<h2>\u0160to kola\u010di\u0107i rade?<\/h2>\n<p>Kori\u0161tenje mre\u017enih kola\u010di\u0107a uobi\u010dajeno je i \u010dak po\u017eeljnije u mre\u017enoj proizvodnji. Omogu\u0107uje vi\u0161u razinu usluga poput spremanja potvrde o registraciji, kori\u0161tenja internetskih trgovina, sprje\u010davanja pretjeranog prikazivanja reklama itd. Bez kori\u0161tenja kola\u010di\u0107a tako\u0111er bi bio nemogu\u0107 uvid u posje\u0107enost web stranica. Kola\u010di\u0107i su klju\u010dni za pru\u017eanje online usluga prilago\u0111enih korisnicima. \u010cine interakciju izme\u0111u korisnika i web stranice br\u017eom i lak\u0161om. Uz njihovu pomo\u0107, web stranica pamti individualne preferencije i iskustva, \u0161tedi vrijeme i \u010dini pregledavanje interneta u\u010dinkovitijim i ugodnijim. Neki primjeri kori\u0161tenja kola\u010di\u0107a:<\/p>\n<ul>\n<li>\u2022 za bolje korisni\u010dko iskustvo web stranice prilago\u0111avamo prikaz sadr\u017eaja posjetiteljima na temelju pro\u0161lih posjeta,<\/li>\n<li>\u2022 za spremanje izbora prilikom izrade u\u017eih izbora i ponuda te njihove usporedbe,<\/li>\n<li>\u2022 za prepoznavanje Va\u0161eg ure\u0111aja (ra\u010dunalo, tablet, pametni telefon), \u0161to omogu\u0107uje prilagodbu prikaza sadr\u017eaja Va\u0161em ure\u0111aju,<\/li>\n<li>\u2022 za pra\u0107enje posjeta web stranici i korisni\u010dke navigacije kroz web stranicu za kontinuirano pobolj\u0161anje web stranice.<\/li>\n<\/ul>\n<h2>Popis kola\u010di\u0107a<\/h2>\n<h3>Neophodni kola\u010di\u0107i<\/h3>\n<table style=\"height: 148px;\" width=\"280\">\n<tbody>\n<tr>\n<td><strong>Naziv kola\u010di\u0107a<\/strong><\/td>\n<td><strong>Namjena<\/strong><\/td>\n<td><strong>Trajanje pohrane\u00a0<\/strong><\/td>\n<\/tr>\n<tr>\n<td><span style=\"font-weight: 400;\">wp-wpml_<\/span><\/p>\n<p><span style=\"font-weight: 400;\">current_<\/span><\/p>\n<p><span style=\"font-weight: 400;\">language<\/span><\/p>\n<\/td>\n<td>Pohranjivanje podataka o izboru jezika korisnika za web mjesto.<\/td>\n<td><span style=\"font-weight: 400;\">1 godina\u00a0<\/span><\/td>\n<\/tr>\n<\/tbody>\n<\/table>\n<h3>Google Maps (Kola\u010di\u0107i za prikaz karte)<\/h3>\n<table style=\"height: 529px;\" width=\"280\">\n<tbody>\n<tr>\n<td><strong>Naziv kola\u010di\u0107a<\/strong><\/td>\n<td><strong>Namjena<\/strong><\/td>\n<td><strong>Trajanje pohrane\u00a0 <\/strong><\/td>\n<\/tr>\n<tr>\n<td><span style=\"font-weight: 400;\">SIDCC<\/span><\/td>\n<td>Osigurava identifikaciju pouzdanog web prometa.<\/td>\n<td><span style=\"font-weight: 400;\">1 godina<\/span><\/td>\n<\/tr>\n<tr>\n<td><span style=\"font-weight: 400;\">APISID<\/span><\/td>\n<td>Prilago\u0111ava Google oglase na web stranicama na temelju nedavnih pretra\u017eivanja i interakcija.<\/td>\n<td><span style=\"font-weight: 400;\">2 godine<\/span><\/td>\n<\/tr>\n<tr>\n<td><span style=\"font-weight: 400;\">SSID<\/span><\/td>\n<td>Google prikuplja podatke o posjetiteljima za videozapise koje hostira YouTube integrirane u Google karte.<\/td>\n<td><span style=\"font-weight: 400;\">2 godine<\/span><\/td>\n<\/tr>\n<tr>\n<td><span style=\"font-weight: 400;\">SAPISID<\/span><\/td>\n<td>Google prikuplja podatke o posjetiteljima za videozapise koje hostira YouTube<\/td>\n<td><span style=\"font-weight: 400;\">2 godine<\/span><\/td>\n<\/tr>\n<tr>\n<td><span style=\"font-weight: 400;\">NID<\/span><\/td>\n<td>Pohranjuje preferencije posjetitelja i prilago\u0111ava oglase na Googleovim web-lokacijama na temelju nedavnih pretra\u017eivanja i interakcija<\/td>\n<td><span style=\"font-weight: 400;\">6 mjeseca<\/span><\/td>\n<\/tr>\n<tr>\n<td><span style=\"font-weight: 400;\">OTZ<\/span><\/td>\n<td>Povezuje aktivnosti posjetitelja web stranice s drugim ure\u0111ajima koji su prethodno koristili isti Google ra\u010dun. Na taj na\u010din se oglasi prilago\u0111avaju razli\u010ditim ure\u0111ajima<\/td>\n<td><span style=\"font-weight: 400;\">1 mjesec<\/span><\/td>\n<\/tr>\n<\/tbody>\n<\/table>\n<h3><span style=\"font-weight: 400;\">Analiti\u010dki kola\u010di\u0107i<\/span><\/h3>\n<table style=\"height: 195px;\" width=\"282\">\n<tbody>\n<tr>\n<td><strong>Naziv kola\u010di\u0107a<\/strong><\/td>\n<td><strong>Namjena<\/strong><\/td>\n<td><strong>Trajanje pohrane\u00a0 <\/strong><\/td>\n<\/tr>\n<tr>\n<td><span style=\"font-weight: 400;\">_ga<\/span><\/td>\n<td>Prikuplja podatke o broju posjeta web stranici.<\/td>\n<td><span style=\"font-weight: 400;\">2 godine <\/span><\/td>\n<\/tr>\n<tr>\n<td><span style=\"font-weight: 400;\">_gid<\/span><\/td>\n<td>Prikuplja podatke o broju posjeta web stranici.<\/td>\n<td><span style=\"font-weight: 400;\">1 dan<\/span><\/td>\n<\/tr>\n<\/tbody>\n<\/table>\n<h2>Kako upravljati kola\u010di\u0107ima?<\/h2>\n<p>Korisnik zadr\u017eava potpunu kontrolu nad kola\u010di\u0107ima, jer ih u svakom trenutku mo\u017ee obrisati, ograni\u010diti ili potpuno onemogu\u0107iti. Upute o tome kako to u\u010diniti razlikuju se od ure\u0111aja do ure\u0111aja i dostupne su na po\u010detnoj stranici svakog proizvo\u0111a\u010da softvera. Stoga sami odlu\u010dujete ho\u0107ete li dopustiti pohranjivanje kola\u010di\u0107a na va\u0161em ure\u0111aju. Vi kontrolirate i mijenjate njihove postavke putem svog web preglednika.<\/p>\n<p>Dakle, kola\u010di\u0107i nisu ni\u0161ta novo, svi posjetitelji web stranica imaju mnogo kola\u010di\u0107a s raznih web stranica pohranjenih na svojim ure\u0111ajima. Ako isklju\u010dite kola\u010di\u0107e, neke zna\u010dajke web stranice mo\u017eda ne\u0107e raditi.<\/p>\n<h2>Odluka je va\u0161a<\/h2>\n<p>Na web stranici Comark korisnicima nudimo mogu\u0107nost da odlu\u010de ho\u0107e li prihvatiti kola\u010di\u0107e ili ne. Napominjemo da odbijanje kola\u010di\u0107a mo\u017ee dovesti do problema s prikazom i radom web stranice.<\/p>\n<p>Ako date privolu za kola\u010di\u0107e, ali se kasnije predomislite, morat \u0107ete poni\u0161titi svoju odluku brisanjem kola\u010di\u0107a (upute kako to u\u010diniti za neke preglednike objavljene su u pojedina\u010dnim preglednicima). Nakon brisanja, bit \u0107ete ponovno upitani \u017eelite li kola\u010di\u0107e.<\/p>\n<\/div>\n\t\t<\/div>\n\t\t\t\t\t<\/div>\n\n\t\n<\/div>\n","protected":false},"excerpt":{"rendered":"","protected":false},"author":3,"featured_media":27567,"parent":0,"menu_order":0,"comment_status":"closed","ping_status":"closed","template":"single-storitev.php","meta":{"_acf_changed":false,"footnotes":""},"class_list":["post-27566","page","type-page","status-publish","has-post-thumbnail","hentry"],"acf":[],"yoast_head":"<!-- This site is optimized with the Yoast SEO plugin v27.3 - https:\/\/yoast.com\/product\/yoast-seo-wordpress\/ -->\n<title>Comark - Politika kola\u010di\u0107a - Usluge - Hrvatska - Luka Rijeka<\/title>\n<meta name=\"description\" content=\"Nekoliko rije\u010di o na\u0161oj tvrtki, koje certifikate posjedujemo, koje ciljeve slijedimo i prednosti koje prijednosti dobijete kad nas izaberete.\" \/>\n<meta name=\"robots\" content=\"index, follow, max-snippet:-1, max-image-preview:large, max-video-preview:-1\" \/>\n<link rel=\"canonical\" href=\"https:\/\/comark-logistics.com\/sl\/politika-piskotkov\/\" \/>\n<meta property=\"og:locale\" content=\"hr_HR\" \/>\n<meta property=\"og:type\" content=\"article\" \/>\n<meta property=\"og:title\" content=\"Comark - Politika kola\u010di\u0107a - Usluge - Hrvatska - Luka Rijeka\" \/>\n<meta property=\"og:description\" content=\"Nekoliko rije\u010di o na\u0161oj tvrtki, koje certifikate posjedujemo, koje ciljeve slijedimo i prednosti koje prijednosti dobijete kad nas izaberete.\" \/>\n<meta property=\"og:url\" content=\"https:\/\/comark-logistics.com\/sl\/politika-piskotkov\/\" \/>\n<meta property=\"og:site_name\" content=\"Comark\" \/>\n<meta property=\"article:modified_time\" content=\"2023-11-16T12:20:52+00:00\" \/>\n<meta property=\"og:image\" content=\"https:\/\/comark-logistics.com\/wp-content\/uploads\/2020\/10\/o-nas-comark-header-7.jpg\" \/>\n\t<meta property=\"og:image:width\" content=\"2048\" \/>\n\t<meta property=\"og:image:height\" content=\"1365\" \/>\n\t<meta property=\"og:image:type\" content=\"image\/jpeg\" \/>\n<meta name=\"twitter:card\" content=\"summary_large_image\" \/>\n<script type=\"application\/ld+json\" class=\"yoast-schema-graph\">{\"@context\":\"https:\\\/\\\/schema.org\",\"@graph\":[{\"@type\":\"WebPage\",\"@id\":\"https:\\\/\\\/comark-logistics.com\\\/sl\\\/politika-piskotkov\\\/\",\"url\":\"https:\\\/\\\/comark-logistics.com\\\/sl\\\/politika-piskotkov\\\/\",\"name\":\"Comark - Politika kola\u010di\u0107a - Usluge - Hrvatska - Luka Rijeka\",\"isPartOf\":{\"@id\":\"https:\\\/\\\/comark-logistics.com\\\/#website\"},\"primaryImageOfPage\":{\"@id\":\"https:\\\/\\\/comark-logistics.com\\\/sl\\\/politika-piskotkov\\\/#primaryimage\"},\"image\":{\"@id\":\"https:\\\/\\\/comark-logistics.com\\\/sl\\\/politika-piskotkov\\\/#primaryimage\"},\"thumbnailUrl\":\"https:\\\/\\\/comark-logistics.com\\\/wp-content\\\/uploads\\\/2020\\\/10\\\/o-nas-comark-header-7.jpg\",\"datePublished\":\"2020-10-15T12:42:58+00:00\",\"dateModified\":\"2023-11-16T12:20:52+00:00\",\"description\":\"Nekoliko rije\u010di o na\u0161oj tvrtki, koje certifikate posjedujemo, koje ciljeve slijedimo i prednosti koje prijednosti dobijete kad nas izaberete.\",\"breadcrumb\":{\"@id\":\"https:\\\/\\\/comark-logistics.com\\\/sl\\\/politika-piskotkov\\\/#breadcrumb\"},\"inLanguage\":\"hr\",\"potentialAction\":[{\"@type\":\"ReadAction\",\"target\":[\"https:\\\/\\\/comark-logistics.com\\\/sl\\\/politika-piskotkov\\\/\"]}]},{\"@type\":\"ImageObject\",\"inLanguage\":\"hr\",\"@id\":\"https:\\\/\\\/comark-logistics.com\\\/sl\\\/politika-piskotkov\\\/#primaryimage\",\"url\":\"https:\\\/\\\/comark-logistics.com\\\/wp-content\\\/uploads\\\/2020\\\/10\\\/o-nas-comark-header-7.jpg\",\"contentUrl\":\"https:\\\/\\\/comark-logistics.com\\\/wp-content\\\/uploads\\\/2020\\\/10\\\/o-nas-comark-header-7.jpg\",\"width\":2048,\"height\":1365,\"caption\":\"o nas comark header\"},{\"@type\":\"BreadcrumbList\",\"@id\":\"https:\\\/\\\/comark-logistics.com\\\/sl\\\/politika-piskotkov\\\/#breadcrumb\",\"itemListElement\":[{\"@type\":\"ListItem\",\"position\":1,\"name\":\"Home\",\"item\":\"https:\\\/\\\/comark-logistics.com\\\/hr\\\/\"},{\"@type\":\"ListItem\",\"position\":2,\"name\":\"Politika kola\u010di\u0107a\"}]},{\"@type\":\"WebSite\",\"@id\":\"https:\\\/\\\/comark-logistics.com\\\/#website\",\"url\":\"https:\\\/\\\/comark-logistics.com\\\/\",\"name\":\"Comark\",\"description\":\"Comark\",\"publisher\":{\"@id\":\"https:\\\/\\\/comark-logistics.com\\\/#organization\"},\"potentialAction\":[{\"@type\":\"SearchAction\",\"target\":{\"@type\":\"EntryPoint\",\"urlTemplate\":\"https:\\\/\\\/comark-logistics.com\\\/?s={search_term_string}\"},\"query-input\":{\"@type\":\"PropertyValueSpecification\",\"valueRequired\":true,\"valueName\":\"search_term_string\"}}],\"inLanguage\":\"hr\"},{\"@type\":\"Organization\",\"@id\":\"https:\\\/\\\/comark-logistics.com\\\/#organization\",\"name\":\"Comark - Project Logistics Company\",\"url\":\"https:\\\/\\\/comark-logistics.com\\\/\",\"logo\":{\"@type\":\"ImageObject\",\"inLanguage\":\"hr\",\"@id\":\"https:\\\/\\\/comark-logistics.com\\\/#\\\/schema\\\/logo\\\/image\\\/\",\"url\":\"https:\\\/\\\/comark-logistics.com\\\/wp-content\\\/uploads\\\/2020\\\/04\\\/comark-logo.png\",\"contentUrl\":\"https:\\\/\\\/comark-logistics.com\\\/wp-content\\\/uploads\\\/2020\\\/04\\\/comark-logo.png\",\"width\":120,\"height\":50,\"caption\":\"Comark - Project Logistics Company\"},\"image\":{\"@id\":\"https:\\\/\\\/comark-logistics.com\\\/#\\\/schema\\\/logo\\\/image\\\/\"}}]}<\/script>\n<!-- \/ Yoast SEO plugin. -->","yoast_head_json":{"title":"Comark - Politika kola\u010di\u0107a - Usluge - Hrvatska - Luka Rijeka","description":"Nekoliko rije\u010di o na\u0161oj tvrtki, koje certifikate posjedujemo, koje ciljeve slijedimo i prednosti koje prijednosti dobijete kad nas izaberete.","robots":{"index":"index","follow":"follow","max-snippet":"max-snippet:-1","max-image-preview":"max-image-preview:large","max-video-preview":"max-video-preview:-1"},"canonical":"https:\/\/comark-logistics.com\/sl\/politika-piskotkov\/","og_locale":"hr_HR","og_type":"article","og_title":"Comark - Politika kola\u010di\u0107a - Usluge - Hrvatska - Luka Rijeka","og_description":"Nekoliko rije\u010di o na\u0161oj tvrtki, koje certifikate posjedujemo, koje ciljeve slijedimo i prednosti koje prijednosti dobijete kad nas izaberete.","og_url":"https:\/\/comark-logistics.com\/sl\/politika-piskotkov\/","og_site_name":"Comark","article_modified_time":"2023-11-16T12:20:52+00:00","og_image":[{"width":2048,"height":1365,"url":"https:\/\/comark-logistics.com\/wp-content\/uploads\/2020\/10\/o-nas-comark-header-7.jpg","type":"image\/jpeg"}],"twitter_card":"summary_large_image","schema":{"@context":"https:\/\/schema.org","@graph":[{"@type":"WebPage","@id":"https:\/\/comark-logistics.com\/sl\/politika-piskotkov\/","url":"https:\/\/comark-logistics.com\/sl\/politika-piskotkov\/","name":"Comark - Politika kola\u010di\u0107a - Usluge - Hrvatska - Luka Rijeka","isPartOf":{"@id":"https:\/\/comark-logistics.com\/#website"},"primaryImageOfPage":{"@id":"https:\/\/comark-logistics.com\/sl\/politika-piskotkov\/#primaryimage"},"image":{"@id":"https:\/\/comark-logistics.com\/sl\/politika-piskotkov\/#primaryimage"},"thumbnailUrl":"https:\/\/comark-logistics.com\/wp-content\/uploads\/2020\/10\/o-nas-comark-header-7.jpg","datePublished":"2020-10-15T12:42:58+00:00","dateModified":"2023-11-16T12:20:52+00:00","description":"Nekoliko rije\u010di o na\u0161oj tvrtki, koje certifikate posjedujemo, koje ciljeve slijedimo i prednosti koje prijednosti dobijete kad nas izaberete.","breadcrumb":{"@id":"https:\/\/comark-logistics.com\/sl\/politika-piskotkov\/#breadcrumb"},"inLanguage":"hr","potentialAction":[{"@type":"ReadAction","target":["https:\/\/comark-logistics.com\/sl\/politika-piskotkov\/"]}]},{"@type":"ImageObject","inLanguage":"hr","@id":"https:\/\/comark-logistics.com\/sl\/politika-piskotkov\/#primaryimage","url":"https:\/\/comark-logistics.com\/wp-content\/uploads\/2020\/10\/o-nas-comark-header-7.jpg","contentUrl":"https:\/\/comark-logistics.com\/wp-content\/uploads\/2020\/10\/o-nas-comark-header-7.jpg","width":2048,"height":1365,"caption":"o nas comark header"},{"@type":"BreadcrumbList","@id":"https:\/\/comark-logistics.com\/sl\/politika-piskotkov\/#breadcrumb","itemListElement":[{"@type":"ListItem","position":1,"name":"Home","item":"https:\/\/comark-logistics.com\/hr\/"},{"@type":"ListItem","position":2,"name":"Politika kola\u010di\u0107a"}]},{"@type":"WebSite","@id":"https:\/\/comark-logistics.com\/#website","url":"https:\/\/comark-logistics.com\/","name":"Comark","description":"Comark","publisher":{"@id":"https:\/\/comark-logistics.com\/#organization"},"potentialAction":[{"@type":"SearchAction","target":{"@type":"EntryPoint","urlTemplate":"https:\/\/comark-logistics.com\/?s={search_term_string}"},"query-input":{"@type":"PropertyValueSpecification","valueRequired":true,"valueName":"search_term_string"}}],"inLanguage":"hr"},{"@type":"Organization","@id":"https:\/\/comark-logistics.com\/#organization","name":"Comark - Project Logistics Company","url":"https:\/\/comark-logistics.com\/","logo":{"@type":"ImageObject","inLanguage":"hr","@id":"https:\/\/comark-logistics.com\/#\/schema\/logo\/image\/","url":"https:\/\/comark-logistics.com\/wp-content\/uploads\/2020\/04\/comark-logo.png","contentUrl":"https:\/\/comark-logistics.com\/wp-content\/uploads\/2020\/04\/comark-logo.png","width":120,"height":50,"caption":"Comark - Project Logistics Company"},"image":{"@id":"https:\/\/comark-logistics.com\/#\/schema\/logo\/image\/"}}]}},"_links":{"self":[{"href":"https:\/\/comark-logistics.com\/hr\/wp-json\/wp\/v2\/pages\/27566","targetHints":{"allow":["GET"]}}],"collection":[{"href":"https:\/\/comark-logistics.com\/hr\/wp-json\/wp\/v2\/pages"}],"about":[{"href":"https:\/\/comark-logistics.com\/hr\/wp-json\/wp\/v2\/types\/page"}],"author":[{"embeddable":true,"href":"https:\/\/comark-logistics.com\/hr\/wp-json\/wp\/v2\/users\/3"}],"replies":[{"embeddable":true,"href":"https:\/\/comark-logistics.com\/hr\/wp-json\/wp\/v2\/comments?post=27566"}],"version-history":[{"count":4,"href":"https:\/\/comark-logistics.com\/hr\/wp-json\/wp\/v2\/pages\/27566\/revisions"}],"predecessor-version":[{"id":28394,"href":"https:\/\/comark-logistics.com\/hr\/wp-json\/wp\/v2\/pages\/27566\/revisions\/28394"}],"wp:featuredmedia":[{"embeddable":true,"href":"https:\/\/comark-logistics.com\/hr\/wp-json\/wp\/v2\/media\/27567"}],"wp:attachment":[{"href":"https:\/\/comark-logistics.com\/hr\/wp-json\/wp\/v2\/media?parent=27566"}],"curies":[{"name":"wp","href":"https:\/\/api.w.org\/{rel}","templated":true}]}}