{"id":38079,"date":"2020-05-08T08:01:44","date_gmt":"2020-05-08T08:01:44","guid":{"rendered":"https:\/\/comark-logistics.com\/kariera\/"},"modified":"2025-04-24T10:10:55","modified_gmt":"2025-04-24T10:10:55","slug":"kariera","status":"publish","type":"page","link":"https:\/\/comark-logistics.com\/hr\/kariera\/","title":{"rendered":"Kariera"},"content":{"rendered":"\n\t<section class=\"section\" id=\"section_2079638287\">\n\t\t<div class=\"section-bg fill\" >\n\t\t\t\t\t\t\t\t\t\n\t\t\t\n\n\t\t<\/div>\n\n\t\t\n\n\t\t<div class=\"section-content relative\">\n\t\t\t\n<div class=\"row align-center\"  id=\"row-249197301\">\n\n\t<div id=\"col-1519757603\" class=\"col medium-10 small-12 large-10\"  >\n\t\t\t\t<div class=\"col-inner\"  >\n\t\t\t\n\t\t\t\n\t<div id=\"text-1452106037\" class=\"text large-p\">\n\t\t\n<p class=\"p1\">Na\u0161i zaposlenici su na\u0161a najve\u0107a vrijednost. Posve\u0107eni smo stvaranju poticajnog radnog okru\u017eenja u kojem se svaki pojedinac mo\u017ee razvijati i doprinositi zajedni\u010dkom uspjehu. Vjerujemo da je sna\u017ean tim klju\u010d na\u0161ih postignu\u0107a i zadovoljstva na\u0161ih klijenata.<\/p>\n\t\t\n<style>\n#text-1452106037 {\n  font-size: 2.6rem;\n  line-height: 1.746;\n  text-align: center;\n}\n<\/style>\n\t<\/div>\n\t\n<div class=\"text-center\"><div class=\"is-divider divider clearfix\" style=\"max-width:100px;height:5px;background-color:rgb(42, 196, 244);\"><\/div><\/div>\n\t<div id=\"text-3880581740\" class=\"text\">\n\t\t\n<p class=\"lead\"><em><strong>Na\u0161e temeljne vrijednosti su:<\/strong><\/em><\/p>\n\t\t\n<style>\n#text-3880581740 {\n  text-align: center;\n}\n<\/style>\n\t<\/div>\n\t\n<div class=\"row\"  id=\"row-1301959901\">\n\n\t<div id=\"col-2014741824\" class=\"col medium-4 small-12 large-4\"  >\n\t\t\t\t<div class=\"col-inner\"  >\n\t\t\t\n\t\t\t\n\t<div id=\"text-1012205102\" class=\"text\">\n\t\t\n<p style=\"text-align: center;\"><strong><span style=\"font-size: 120%;\">PO\u0160TOVANJE<\/span><\/strong><\/p>\n\t\t\n<style>\n#text-1012205102 {\n  font-size: 2.9rem;\n  text-align: center;\n}\n<\/style>\n\t<\/div>\n\t\n\t\t<\/div>\n\t\t\t\t\t<\/div>\n\n\t\n\n\t<div id=\"col-2127412758\" class=\"col medium-4 small-12 large-4\"  >\n\t\t\t\t<div class=\"col-inner\"  >\n\t\t\t\n\t\t\t\n\t<div id=\"text-3633515330\" class=\"text\">\n\t\t\n<p style=\"text-align: center;\"><span style=\"font-size: 120%;\"><strong>USPJE\u0160NOST<\/strong><\/span><\/p>\n\t\t\n<style>\n#text-3633515330 {\n  text-align: center;\n}\n<\/style>\n\t<\/div>\n\t\n\t\t<\/div>\n\t\t\t\t\t<\/div>\n\n\t\n\n\t<div id=\"col-235337412\" class=\"col medium-4 small-12 large-4\"  >\n\t\t\t\t<div class=\"col-inner\"  >\n\t\t\t\n\t\t\t\n\t<div id=\"text-2005132407\" class=\"text\">\n\t\t\n<p style=\"text-align: center;\"><span style=\"font-size: 120%;\"><strong>POVJERENJE<\/strong><\/span><\/p>\n\t\t\n<style>\n#text-2005132407 {\n  text-align: center;\n}\n<\/style>\n\t<\/div>\n\t\n\t\t<\/div>\n\t\t\t\t\t<\/div>\n\n\t\n<\/div>\n<div class=\"row\"  id=\"row-2125632783\">\n\n\t<div id=\"col-233083652\" class=\"col medium-4 small-12 large-4\"  >\n\t\t\t\t<div class=\"col-inner\"  >\n\t\t\t\n\t\t\t\n\t<div id=\"text-1114531842\" class=\"text\">\n\t\t\n<p style=\"text-align: center;\"><span style=\"font-size: 120%;\"><strong>ISKRENOST<\/strong><\/span><\/p>\n\t\t\n<style>\n#text-1114531842 {\n  text-align: center;\n}\n<\/style>\n\t<\/div>\n\t\n\t\t<\/div>\n\t\t\t\t\t<\/div>\n\n\t\n\n\t<div id=\"col-1792040888\" class=\"col medium-4 small-12 large-4\"  >\n\t\t\t\t<div class=\"col-inner\"  >\n\t\t\t\n\t\t\t\n\t<div id=\"text-2676486528\" class=\"text\">\n\t\t\n<p style=\"text-align: center;\"><span style=\"font-size: 120%;\"><strong>DOBROBIT<\/strong><\/span><\/p>\n\t\t\n<style>\n#text-2676486528 {\n  text-align: center;\n}\n<\/style>\n\t<\/div>\n\t\n\t\t<\/div>\n\t\t\t\t\t<\/div>\n\n\t\n\n\t<div id=\"col-1757786126\" class=\"col medium-4 small-12 large-4\"  >\n\t\t\t\t<div class=\"col-inner\"  >\n\t\t\t\n\t\t\t\n\t<div id=\"text-3915729226\" class=\"text\">\n\t\t\n<p style=\"text-align: center;\"><span style=\"font-size: 120%;\"><strong>OSOBNI RAZVOJ<\/strong><\/span><\/p>\n\t\t\n<style>\n#text-3915729226 {\n  text-align: center;\n}\n<\/style>\n\t<\/div>\n\t\n\t\t<\/div>\n\t\t\t\t\t<\/div>\n\n\t\n<\/div>\n\t<div class=\"img has-hover x md-x lg-x y md-y lg-y\" id=\"image_1313669905\">\n\t\t\t\t\t\t\t\t<div class=\"img-inner dark\" >\n\t\t\t<img loading=\"lazy\" decoding=\"async\" width=\"1020\" height=\"574\" src=\"https:\/\/comark-logistics.com\/wp-content\/uploads\/2025\/01\/izredni_prevozi_slovenija_comark_team_special_transport_BW.jpg\" class=\"attachment-large size-large\" alt=\"\" srcset=\"https:\/\/comark-logistics.com\/wp-content\/uploads\/2025\/01\/izredni_prevozi_slovenija_comark_team_special_transport_BW.jpg 1280w, https:\/\/comark-logistics.com\/wp-content\/uploads\/2025\/01\/izredni_prevozi_slovenija_comark_team_special_transport_BW-711x400.jpg 711w, https:\/\/comark-logistics.com\/wp-content\/uploads\/2025\/01\/izredni_prevozi_slovenija_comark_team_special_transport_BW-768x432.jpg 768w\" sizes=\"auto, (max-width: 1020px) 100vw, 1020px\" \/>\t\t\t\t\t\t\n\t\t\t\t\t<\/div>\n\t\t\t\t\t\t\t\t\n<style>\n#image_1313669905 {\n  width: 100%;\n}\n<\/style>\n\t<\/div>\n\t\n\t\t<\/div>\n\t\t\t\t\n<style>\n#col-1519757603 > .col-inner {\n  padding: 30px 0px 0px 0px;\n}\n<\/style>\n\t<\/div>\n\n\t\n<\/div>\n\t\t<\/div>\n\n\t\t\n<style>\n#section_2079638287 {\n  padding-top: 0px;\n  padding-bottom: 0px;\n}\n@media (min-width:550px) {\n  #section_2079638287 {\n    padding-top: 30px;\n    padding-bottom: 30px;\n  }\n}\n<\/style>\n\t<\/section>\n\t\n\n\t<section class=\"section gradient-overlay dark\" id=\"section_1433626236\">\n\t\t<div class=\"section-bg fill\" >\n\t\t\t<img loading=\"lazy\" decoding=\"async\" width=\"1440\" height=\"508\" src=\"https:\/\/comark-logistics.com\/wp-content\/uploads\/2024\/11\/image-17-1.jpg\" class=\"bg attachment- size-\" alt=\"ozadje\" \/>\t\t\t\t\t\t\n\t\t\t\n\n\t\t<\/div>\n\n\t\t\n\n\t\t<div class=\"section-content relative\">\n\t\t\t\n<div class=\"row align-center\"  id=\"row-641189585\">\n\n\t<div id=\"col-84495211\" class=\"col pb-0 small-12 large-12\"  >\n\t\t\t\t<div class=\"col-inner\"  >\n\t\t\t\n\t\t\t\n<h2 class=\"p1\" style=\"text-align: center;\">Prednosti zaposlenja u Comarku<\/h2>\n\t<div id=\"text-3689064150\" class=\"text\">\n\t\t\n<p class=\"p1\">Zaposlenicima pru\u017eamo podr\u0161ku i poticaje u sljede\u0107im podru\u010djima:<\/p>\n\t\t\n<style>\n#text-3689064150 {\n  text-align: center;\n}\n<\/style>\n\t<\/div>\n\t\n\t\t<\/div>\n\t\t\t\t\t<\/div>\n\n\t\n<\/div>\n<div class=\"row align-center\"  id=\"row-769264772\">\n\n\t<div id=\"col-876915668\" class=\"col pb-0 medium-4 small-12 large-4\"  >\n\t\t\t\t<div class=\"col-inner\"  >\n\t\t\t\n\t\t\t\n<ul>\n<li>\n<p class=\"p1\">Razvoj karijere: uz financijske i nefinancijske nagrade koje prepoznaju trud i postignu\u0107a.<\/p>\n<\/li>\n<li>\n<p class=\"p1\">Kontinuirano u\u010denje: na\u0161i zaposlenici neprestano u\u010de \u2013 ne samo kroz posao, ve\u0107 poti\u010demo dodatno obrazovanje jer tako podr\u017eavamo njihov osobni i profesionalni razvoj.<\/p>\n<\/li>\n<li>\n<p class=\"p1\">Fleksibilni radni uvjeti: nudimo du\u017eu pauzu za obrok od zakonskog minimuma te mogu\u0107nost rada u tri zemlje (Slovenija, Hrvatska i Srbija), \u0161to omogu\u0107uje \u0161irenje iskustava i znanja. Samo je nebo granica.<\/p>\n<\/li>\n<\/ul>\n\t\t<\/div>\n\t\t\t\t\n<style>\n#col-876915668 > .col-inner {\n  padding: 0px 0px 0px 0px;\n}\n@media (min-width:550px) {\n  #col-876915668 > .col-inner {\n    padding: 0px 0px 20px 0px;\n  }\n}\n<\/style>\n\t<\/div>\n\n\t\n\n\t<div id=\"col-1937991136\" class=\"col medium-4 small-12 large-4\"  >\n\t\t\t\t<div class=\"col-inner\"  >\n\t\t\t\n\t\t\t\n<ul>\n<li>\n<p class=\"p1\">Pru\u017eamo podr\u0161ku za mentalno zdravlje, \u0161to je klju\u010dno za op\u0107u dobrobit.<\/p>\n<\/li>\n<li>\n<p class=\"p1\">Certifikat \u201c\u0160portu prijazno podjetje\u201d Olimpijskog odbora Slovenije: ponosni smo nositelji certifikata jer poti\u010demo sportske i dru\u0161tvene aktivnosti, bilo u obli\u017enjoj teretani ili na teambuildingu diljem Slovenije i Hrvatske. Na\u0161a dru\u017eenja su uvijek nezaboravna<\/p>\n<\/li>\n<\/ul>\n\t\t<\/div>\n\t\t\t\t\n<style>\n#col-1937991136 > .col-inner {\n  padding: 0px 0px 40px 0px;\n}\n@media (min-width:550px) {\n  #col-1937991136 > .col-inner {\n    padding: 0px 0px 20px 0px;\n  }\n}\n<\/style>\n\t<\/div>\n\n\t\n\n<style>\n#row-769264772 > .col > .col-inner {\n  padding: 0px 0px 0px 0px;\n}\n@media (min-width:550px) {\n  #row-769264772 > .col > .col-inner {\n    padding: 50px 0px 0px 0px;\n  }\n}\n<\/style>\n<\/div>\n\t\t<\/div>\n\n\t\t\n<style>\n#section_1433626236 {\n  padding-top: 0px;\n  padding-bottom: 0px;\n}\n#section_1433626236 .section-bg img {\n  object-position: relative;\n}\n@media (min-width:550px) {\n  #section_1433626236 {\n    padding-top: 40px;\n    padding-bottom: 40px;\n  }\n}\n<\/style>\n\t<\/section>\n\t\n\n\t<section class=\"section\" id=\"section_1417964742\">\n\t\t<div class=\"section-bg fill\" >\n\t\t\t\t\t\t\t\t\t\n\t\t\t\n\n\t\t<\/div>\n\n\t\t\n\n\t\t<div class=\"section-content relative\">\n\t\t\t\n<div class=\"row\"  id=\"row-1858215687\">\n\n\t<div id=\"col-566689008\" class=\"col hide-for-small small-12 large-12\"  >\n\t\t\t\t<div class=\"col-inner\"  >\n\t\t\t\n\t\t\t\t    \n\t    <h2 class=\"mb-20\" style=\"text-align: center;\">Popis otvorenih radnih mjesta<\/h2>\n\t    <div class=\"text-center\"><div class=\"is-divider divider clearfix\" style=\"max-width:100px;height:5px;background-color:rgb(42, 196, 244);\"><\/div><\/div>\t    \n\t    \n<p style=\"text-align: center;\"><div class=\"services-loop\"><div class=\"relative medium-4 small-12 \"><a href=\"https:\/\/comark-logistics.com\/hr\/zaposlitve\/samostalni-komercijalist-m-z-u-logistici-zagreb\/\"><div class=\"card-service light\"><div class=\"card-service-inner\"><h4>Samostalni komercijalist (m\/\u017e) u logistici \u2013 ZAGREB\u2028<\/h4><p>Rok za prijavo: 31.03.2026<\/p><img loading=\"lazy\" decoding=\"async\" width=\"52\" height=\"11\" src=\"\/wp-content\/uploads\/2020\/04\/Arrow-black-card.svg\" class=\"attachment-large size-large\" alt=\"See more\"><img loading=\"lazy\" decoding=\"async\" width=\"41\" height=\"13\" src=\"\/wp-content\/uploads\/2020\/04\/element-on-hover-card.svg\" class=\"attachment-large size-large card-service-side\" alt=\"\"><\/div><\/div><\/a><\/div><\/div>\n\t\t<\/div>\n\t\t\t\t\t<\/div>\n\n\t\n\n\t<div id=\"col-1903784626\" class=\"col show-for-small large-12\"  >\n\t\t\t\t<div class=\"col-inner\"  >\n\t\t\t\n\t\t\t\t    \n\t    <h2 class=\"mb-20\" style=\"text-align: center;\">Popis otvorenih radnih mjesta<\/h2>\n\t    <div class=\"text-center\"><div class=\"is-divider divider clearfix\" style=\"max-width:100px;height:5px;background-color:rgb(42, 196, 244);\"><\/div><\/div>\t    \n\t    \n<p style=\"text-align: center;\"><div class=\"services-loop mobile\"><div class=\"relative medium-4 small-12\"><div class=\"accordion\" rel=\"\"><div class=\"accordion-item\"><a href=\"#\" class=\"accordion-title plain\"><span>Samostalni komercijalist (m\/\u017e) u logistici \u2013 ZAGREB\u2028<\/span><button class=\"toggle\"><i class=\"icon-angle-down\"><\/i><\/button><\/a><div class=\"accordion-inner\" style=\"\"><p>Rok za prijavo: 31.03.2026<\/p><a href=\"https:\/\/comark-logistics.com\/hr\/zaposlitve\/samostalni-komercijalist-m-z-u-logistici-zagreb\/\"><img loading=\"lazy\" decoding=\"async\" width=\"52\" height=\"11\" src=\"\/wp-content\/uploads\/2020\/04\/Arrow-black-card.svg\" class=\"attachment-large size-large\" alt=\"See more\"><\/a><\/div><\/div><\/div>\n\t\t<\/div>\n\t\t\t\t\t<\/div>\n\n\t\n<\/div>\n\t\t<\/div>\n\n\t\t\n<style>\n#section_1417964742 {\n  padding-top: 0px;\n  padding-bottom: 0px;\n}\n@media (min-width:550px) {\n  #section_1417964742 {\n    padding-top: 70px;\n    padding-bottom: 70px;\n  }\n}\n<\/style>\n\t<\/section>\n\t\n\n\t<section class=\"section zaposlitev-form-section bg-grad-opacity triangle dark\" id=\"section_2091185659\">\n\t\t<div class=\"section-bg fill\" >\n\t\t\t\t\t\t\t\t\t\n\t\t\t\n\n\t\t<\/div>\n\n\t\t\n\n\t\t<div class=\"section-content relative\">\n\t\t\t\n<div class=\"row align-center\"  id=\"row-628312943\">\n\n\t<div id=\"col-2081756185\" class=\"col medium-6 small-12 large-6\"  >\n\t\t\t\t<div class=\"col-inner\"  >\n\t\t\t\n\t\t\t\n<h2 class=\"p1\" style=\"text-align: center;\">Trenutno nemamo otvoreno radno mjesto koje tra\u017eite?<\/h2>\n<div class=\"text-center\"><div class=\"is-divider divider clearfix\" style=\"max-width:100px;height:5px;background-color:rgb(42, 196, 244);\"><\/div><\/div>\n<p class=\"lead\" style=\"text-align: center;\"><em>Predstavite nam se i po\u0161aljite svoj \u017eivotopis. Rado \u0107emo vas uklju\u010diti u na\u0161u bazu potencijalnih kandidata i kontaktirati vas kada se otvori prilika.<\/em><\/p>\n\t\t<\/div>\n\t\t\t\t\t<\/div>\n\n\t\n<\/div>\n<div class=\"row align-center\"  id=\"row-1076979306\">\n\n\t<div id=\"col-281228619\" class=\"col pb-0 medium-6 small-12 large-6\"  >\n\t\t\t\t<div class=\"col-inner\"  >\n\t\t\t\n\t\t\t\n\n<div class=\"wpcf7 no-js\" id=\"wpcf7-f38152-o1\" lang=\"hr\" dir=\"ltr\" data-wpcf7-id=\"38152\">\n<div class=\"screen-reader-response\"><p role=\"status\" aria-live=\"polite\" aria-atomic=\"true\"><\/p> <ul><\/ul><\/div>\n<form action=\"\/hr\/wp-json\/wp\/v2\/pages\/38079#wpcf7-f38152-o1\" method=\"post\" class=\"wpcf7-form init\" aria-label=\"Kontakt obrazac\" enctype=\"multipart\/form-data\" novalidate=\"novalidate\" data-status=\"init\">\n<fieldset class=\"hidden-fields-container\"><input type=\"hidden\" name=\"_wpcf7\" value=\"38152\" \/><input type=\"hidden\" name=\"_wpcf7_version\" value=\"6.1.5\" \/><input type=\"hidden\" name=\"_wpcf7_locale\" value=\"hr\" \/><input type=\"hidden\" name=\"_wpcf7_unit_tag\" value=\"wpcf7-f38152-o1\" \/><input type=\"hidden\" name=\"_wpcf7_container_post\" value=\"0\" \/><input type=\"hidden\" name=\"_wpcf7_posted_data_hash\" value=\"\" \/><input type=\"hidden\" name=\"_wpcf7_recaptcha_response\" value=\"\" \/>\n<\/fieldset>\n<p><label>E-mail<\/label><br \/>\n<span class=\"wpcf7-form-control-wrap\" data-name=\"your-email\"><input size=\"40\" maxlength=\"400\" class=\"wpcf7-form-control wpcf7-email wpcf7-validates-as-required wpcf7-text wpcf7-validates-as-email\" aria-required=\"true\" aria-invalid=\"false\" placeholder=\"ime.priimek@podjetje.com\" value=\"\" type=\"email\" name=\"your-email\" \/><\/span>\n<\/p>\n<p><div id=\"mfcf7_zl_multifilecontainer\"><span class=\"mfcf7-zl-multiline-sample\" style=\"display:none\"><p class=\"wpcf7-form-control-wrap your-files\"><input size=\"40\" class=\"wpcf7-form-control wpcf7-multilinefile wpcf7-validates-as-required\" multiple=\"multiple\" value=\"U\u010cITAJTE \u017dIVOTOPIS\" aria-required=\"true\" aria-invalid=\"false\" type=\"file\" name=\"your-files[]\" \/> <span class=\"mfcf7-zl-multifile-name\"><\/span><a href=\"javascript:void(0);\" class=\"mfcf7_zl_delete_file\"><span class=\"delete-file\" aria-hidden=\"true\">&#x274C;<\/span><\/a><\/p><\/span><\/div><span class=\"wpcf7-form-control-wrap zl-form-control-wrap your-files\"><input size=\"40\" class=\"wpcf7-form-control wpcf7-multilinefile wpcf7-validates-as-required\" multiple=\"multiple\" value=\"U\u010cITAJTE \u017dIVOTOPIS\" aria-required=\"true\" aria-invalid=\"false\" type=\"file\" name=\"your-files[]\" \/> <span class=\"mfcf7-zl-multifile-name\"><\/span><a href=\"javascript:void(0);\" class=\"mfcf7_zl_delete_file\"><span class=\"delete-file\" aria-hidden=\"true\">&#x274C;<\/span><\/a><\/span><p><label><span class=\"wpcf7-form-control-wrap\" data-name=\"your-files-zl-mfcf7-upld-btn\"><input type=\"button\" name=\"your-files-zl-mfcf7-upld-btn\" class=\"button button-primary qbutton\" id=\"mfcf7_zl_add_file\" value=\"U\u010cITAJTE \u017dIVOTOPIS\"><\/span><\/label><\/p>\n<\/p>\n<p><span class=\"wpcf7-form-control-wrap\" data-name=\"checkbox-gdpr\"><span class=\"wpcf7-form-control wpcf7-checkbox wpcf7-validates-as-required\"><span class=\"wpcf7-list-item first last\"><input type=\"checkbox\" name=\"checkbox-gdpr[]\" value=\"Va\u0161e osobne podatke koristit \u0107emo isklju\u010divo kako bismo vas kontaktirali u vezi va\u0161e prijave.\" \/><span class=\"wpcf7-list-item-label\">Va\u0161e osobne podatke koristit \u0107emo isklju\u010divo kako bismo vas kontaktirali u vezi va\u0161e prijave.<\/span><\/span><\/span><\/span>\n<\/p>\n<p><input class=\"wpcf7-form-control wpcf7-submit has-spinner cf7-submit\" type=\"submit\" value=\"PRIJAVITE SE\" \/>\n<\/p><div class=\"wpcf7-response-output\" aria-hidden=\"true\"><\/div>\n<\/form>\n<\/div>\n\n\t\t<\/div>\n\t\t\t\t\n<style>\n#col-281228619 > .col-inner {\n  padding: 0px 0px 40px 0px;\n}\n@media (min-width:550px) {\n  #col-281228619 > .col-inner {\n    padding: 0px 0px 30px 0px;\n  }\n}\n<\/style>\n\t<\/div>\n\n\t\n<\/div>\n\t\t<\/div>\n\n\t\t\n<style>\n#section_2091185659 {\n  padding-top: 0px;\n  padding-bottom: 0px;\n}\n@media (min-width:550px) {\n  #section_2091185659 {\n    padding-top: 30px;\n    padding-bottom: 30px;\n  }\n}\n<\/style>\n\t<\/section>\n\t\n","protected":false},"excerpt":{"rendered":"","protected":false},"author":2,"featured_media":29480,"parent":0,"menu_order":0,"comment_status":"closed","ping_status":"closed","template":"template-blank-featured.php","meta":{"_acf_changed":false,"footnotes":""},"class_list":["post-38079","page","type-page","status-publish","has-post-thumbnail","hentry"],"acf":[],"yoast_head":"<!-- This site is optimized with the Yoast SEO plugin v27.3 - https:\/\/yoast.com\/product\/yoast-seo-wordpress\/ -->\n<title>Comark - Kariera<\/title>\n<meta name=\"description\" content=\"Prona\u0111ite svoju karijernu priliku u tvrtki Comark. Pridru\u017eite se na\u0161em motiviranom timu u izvrsnom i poticajnom radnom okru\u017eenju.\" \/>\n<meta name=\"robots\" content=\"index, follow, max-snippet:-1, max-image-preview:large, max-video-preview:-1\" \/>\n<link rel=\"canonical\" href=\"https:\/\/comark-logistics.com\/hr\/kariera\/\" \/>\n<meta property=\"og:locale\" content=\"hr_HR\" \/>\n<meta property=\"og:type\" content=\"article\" \/>\n<meta property=\"og:title\" content=\"Comark - Kariera\" \/>\n<meta property=\"og:description\" content=\"Prona\u0111ite svoju karijernu priliku u tvrtki Comark. Pridru\u017eite se na\u0161em motiviranom timu u izvrsnom i poticajnom radnom okru\u017eenju.\" \/>\n<meta property=\"og:url\" content=\"https:\/\/comark-logistics.com\/hr\/kariera\/\" \/>\n<meta property=\"og:site_name\" content=\"Comark\" \/>\n<meta property=\"article:modified_time\" content=\"2025-04-24T10:10:55+00:00\" \/>\n<meta property=\"og:image\" content=\"https:\/\/comark-logistics.com\/wp-content\/uploads\/2020\/10\/family-druzina-butala-comark-scaled-e1704719929994.jpg\" \/>\n\t<meta property=\"og:image:width\" content=\"2103\" \/>\n\t<meta property=\"og:image:height\" content=\"1447\" \/>\n\t<meta property=\"og:image:type\" content=\"image\/jpeg\" \/>\n<meta name=\"twitter:card\" content=\"summary_large_image\" \/>\n<script type=\"application\/ld+json\" class=\"yoast-schema-graph\">{\"@context\":\"https:\\\/\\\/schema.org\",\"@graph\":[{\"@type\":\"WebPage\",\"@id\":\"https:\\\/\\\/comark-logistics.com\\\/hr\\\/kariera\\\/\",\"url\":\"https:\\\/\\\/comark-logistics.com\\\/hr\\\/kariera\\\/\",\"name\":\"Comark - Kariera\",\"isPartOf\":{\"@id\":\"https:\\\/\\\/comark-logistics.com\\\/#website\"},\"primaryImageOfPage\":{\"@id\":\"https:\\\/\\\/comark-logistics.com\\\/hr\\\/kariera\\\/#primaryimage\"},\"image\":{\"@id\":\"https:\\\/\\\/comark-logistics.com\\\/hr\\\/kariera\\\/#primaryimage\"},\"thumbnailUrl\":\"https:\\\/\\\/comark-logistics.com\\\/wp-content\\\/uploads\\\/2020\\\/10\\\/family-druzina-butala-comark-scaled-e1704719929994.jpg\",\"datePublished\":\"2020-05-08T08:01:44+00:00\",\"dateModified\":\"2025-04-24T10:10:55+00:00\",\"description\":\"Prona\u0111ite svoju karijernu priliku u tvrtki Comark. Pridru\u017eite se na\u0161em motiviranom timu u izvrsnom i poticajnom radnom okru\u017eenju.\",\"breadcrumb\":{\"@id\":\"https:\\\/\\\/comark-logistics.com\\\/hr\\\/kariera\\\/#breadcrumb\"},\"inLanguage\":\"hr\",\"potentialAction\":[{\"@type\":\"ReadAction\",\"target\":[\"https:\\\/\\\/comark-logistics.com\\\/hr\\\/kariera\\\/\"]}]},{\"@type\":\"ImageObject\",\"inLanguage\":\"hr\",\"@id\":\"https:\\\/\\\/comark-logistics.com\\\/hr\\\/kariera\\\/#primaryimage\",\"url\":\"https:\\\/\\\/comark-logistics.com\\\/wp-content\\\/uploads\\\/2020\\\/10\\\/family-druzina-butala-comark-scaled-e1704719929994.jpg\",\"contentUrl\":\"https:\\\/\\\/comark-logistics.com\\\/wp-content\\\/uploads\\\/2020\\\/10\\\/family-druzina-butala-comark-scaled-e1704719929994.jpg\",\"width\":2103,\"height\":1447},{\"@type\":\"BreadcrumbList\",\"@id\":\"https:\\\/\\\/comark-logistics.com\\\/hr\\\/kariera\\\/#breadcrumb\",\"itemListElement\":[{\"@type\":\"ListItem\",\"position\":1,\"name\":\"Home\",\"item\":\"https:\\\/\\\/comark-logistics.com\\\/hr\\\/\"},{\"@type\":\"ListItem\",\"position\":2,\"name\":\"Kariera\"}]},{\"@type\":\"WebSite\",\"@id\":\"https:\\\/\\\/comark-logistics.com\\\/#website\",\"url\":\"https:\\\/\\\/comark-logistics.com\\\/\",\"name\":\"Comark\",\"description\":\"Comark\",\"publisher\":{\"@id\":\"https:\\\/\\\/comark-logistics.com\\\/#organization\"},\"potentialAction\":[{\"@type\":\"SearchAction\",\"target\":{\"@type\":\"EntryPoint\",\"urlTemplate\":\"https:\\\/\\\/comark-logistics.com\\\/?s={search_term_string}\"},\"query-input\":{\"@type\":\"PropertyValueSpecification\",\"valueRequired\":true,\"valueName\":\"search_term_string\"}}],\"inLanguage\":\"hr\"},{\"@type\":\"Organization\",\"@id\":\"https:\\\/\\\/comark-logistics.com\\\/#organization\",\"name\":\"Comark - Project Logistics Company\",\"url\":\"https:\\\/\\\/comark-logistics.com\\\/\",\"logo\":{\"@type\":\"ImageObject\",\"inLanguage\":\"hr\",\"@id\":\"https:\\\/\\\/comark-logistics.com\\\/#\\\/schema\\\/logo\\\/image\\\/\",\"url\":\"https:\\\/\\\/comark-logistics.com\\\/wp-content\\\/uploads\\\/2020\\\/04\\\/comark-logo.png\",\"contentUrl\":\"https:\\\/\\\/comark-logistics.com\\\/wp-content\\\/uploads\\\/2020\\\/04\\\/comark-logo.png\",\"width\":120,\"height\":50,\"caption\":\"Comark - Project Logistics Company\"},\"image\":{\"@id\":\"https:\\\/\\\/comark-logistics.com\\\/#\\\/schema\\\/logo\\\/image\\\/\"}}]}<\/script>\n<!-- \/ Yoast SEO plugin. -->","yoast_head_json":{"title":"Comark - Kariera","description":"Prona\u0111ite svoju karijernu priliku u tvrtki Comark. Pridru\u017eite se na\u0161em motiviranom timu u izvrsnom i poticajnom radnom okru\u017eenju.","robots":{"index":"index","follow":"follow","max-snippet":"max-snippet:-1","max-image-preview":"max-image-preview:large","max-video-preview":"max-video-preview:-1"},"canonical":"https:\/\/comark-logistics.com\/hr\/kariera\/","og_locale":"hr_HR","og_type":"article","og_title":"Comark - Kariera","og_description":"Prona\u0111ite svoju karijernu priliku u tvrtki Comark. Pridru\u017eite se na\u0161em motiviranom timu u izvrsnom i poticajnom radnom okru\u017eenju.","og_url":"https:\/\/comark-logistics.com\/hr\/kariera\/","og_site_name":"Comark","article_modified_time":"2025-04-24T10:10:55+00:00","og_image":[{"width":2103,"height":1447,"url":"https:\/\/comark-logistics.com\/wp-content\/uploads\/2020\/10\/family-druzina-butala-comark-scaled-e1704719929994.jpg","type":"image\/jpeg"}],"twitter_card":"summary_large_image","schema":{"@context":"https:\/\/schema.org","@graph":[{"@type":"WebPage","@id":"https:\/\/comark-logistics.com\/hr\/kariera\/","url":"https:\/\/comark-logistics.com\/hr\/kariera\/","name":"Comark - Kariera","isPartOf":{"@id":"https:\/\/comark-logistics.com\/#website"},"primaryImageOfPage":{"@id":"https:\/\/comark-logistics.com\/hr\/kariera\/#primaryimage"},"image":{"@id":"https:\/\/comark-logistics.com\/hr\/kariera\/#primaryimage"},"thumbnailUrl":"https:\/\/comark-logistics.com\/wp-content\/uploads\/2020\/10\/family-druzina-butala-comark-scaled-e1704719929994.jpg","datePublished":"2020-05-08T08:01:44+00:00","dateModified":"2025-04-24T10:10:55+00:00","description":"Prona\u0111ite svoju karijernu priliku u tvrtki Comark. Pridru\u017eite se na\u0161em motiviranom timu u izvrsnom i poticajnom radnom okru\u017eenju.","breadcrumb":{"@id":"https:\/\/comark-logistics.com\/hr\/kariera\/#breadcrumb"},"inLanguage":"hr","potentialAction":[{"@type":"ReadAction","target":["https:\/\/comark-logistics.com\/hr\/kariera\/"]}]},{"@type":"ImageObject","inLanguage":"hr","@id":"https:\/\/comark-logistics.com\/hr\/kariera\/#primaryimage","url":"https:\/\/comark-logistics.com\/wp-content\/uploads\/2020\/10\/family-druzina-butala-comark-scaled-e1704719929994.jpg","contentUrl":"https:\/\/comark-logistics.com\/wp-content\/uploads\/2020\/10\/family-druzina-butala-comark-scaled-e1704719929994.jpg","width":2103,"height":1447},{"@type":"BreadcrumbList","@id":"https:\/\/comark-logistics.com\/hr\/kariera\/#breadcrumb","itemListElement":[{"@type":"ListItem","position":1,"name":"Home","item":"https:\/\/comark-logistics.com\/hr\/"},{"@type":"ListItem","position":2,"name":"Kariera"}]},{"@type":"WebSite","@id":"https:\/\/comark-logistics.com\/#website","url":"https:\/\/comark-logistics.com\/","name":"Comark","description":"Comark","publisher":{"@id":"https:\/\/comark-logistics.com\/#organization"},"potentialAction":[{"@type":"SearchAction","target":{"@type":"EntryPoint","urlTemplate":"https:\/\/comark-logistics.com\/?s={search_term_string}"},"query-input":{"@type":"PropertyValueSpecification","valueRequired":true,"valueName":"search_term_string"}}],"inLanguage":"hr"},{"@type":"Organization","@id":"https:\/\/comark-logistics.com\/#organization","name":"Comark - Project Logistics Company","url":"https:\/\/comark-logistics.com\/","logo":{"@type":"ImageObject","inLanguage":"hr","@id":"https:\/\/comark-logistics.com\/#\/schema\/logo\/image\/","url":"https:\/\/comark-logistics.com\/wp-content\/uploads\/2020\/04\/comark-logo.png","contentUrl":"https:\/\/comark-logistics.com\/wp-content\/uploads\/2020\/04\/comark-logo.png","width":120,"height":50,"caption":"Comark - Project Logistics Company"},"image":{"@id":"https:\/\/comark-logistics.com\/#\/schema\/logo\/image\/"}}]}},"_links":{"self":[{"href":"https:\/\/comark-logistics.com\/hr\/wp-json\/wp\/v2\/pages\/38079","targetHints":{"allow":["GET"]}}],"collection":[{"href":"https:\/\/comark-logistics.com\/hr\/wp-json\/wp\/v2\/pages"}],"about":[{"href":"https:\/\/comark-logistics.com\/hr\/wp-json\/wp\/v2\/types\/page"}],"author":[{"embeddable":true,"href":"https:\/\/comark-logistics.com\/hr\/wp-json\/wp\/v2\/users\/2"}],"replies":[{"embeddable":true,"href":"https:\/\/comark-logistics.com\/hr\/wp-json\/wp\/v2\/comments?post=38079"}],"version-history":[{"count":4,"href":"https:\/\/comark-logistics.com\/hr\/wp-json\/wp\/v2\/pages\/38079\/revisions"}],"predecessor-version":[{"id":38226,"href":"https:\/\/comark-logistics.com\/hr\/wp-json\/wp\/v2\/pages\/38079\/revisions\/38226"}],"wp:featuredmedia":[{"embeddable":true,"href":"https:\/\/comark-logistics.com\/hr\/wp-json\/wp\/v2\/media\/29480"}],"wp:attachment":[{"href":"https:\/\/comark-logistics.com\/hr\/wp-json\/wp\/v2\/media?parent=38079"}],"curies":[{"name":"wp","href":"https:\/\/api.w.org\/{rel}","templated":true}]}}