{"id":6124,"date":"2020-10-15T12:39:55","date_gmt":"2020-10-15T12:39:55","guid":{"rendered":"https:\/\/comark-logistics.com\/faq\/"},"modified":"2021-06-22T10:59:40","modified_gmt":"2021-06-22T10:59:40","slug":"faq","status":"publish","type":"page","link":"https:\/\/comark-logistics.com\/hr\/faq\/","title":{"rendered":"FAQ"},"content":{"rendered":"\r\n<div class=\"row\"  id=\"row-49494294\"> \n\t<div id=\"col-985504338\" class=\"col faq-section small-12 large-12\"  >\n\t\t\t\t<div class=\"col-inner\"  >\n\t\t\t\n\t\t\t\t<div class=\"container col filter-categories\">\n\t\t<label class=\"filter-label\">Filtriraj po:<\/label><\/p>\n\t\t<div class=\"filter-list\">\n\t\t\t\n\t\t\t<a class=\"\" onclick=\"term_ajax_get(130,'faq_category','\/hr\/wp-json\/wp\/v2\/pages\/6124');\">Sve<\/a><a class=\"\" onclick=\"term_ajax_get(131,'faq_category','\/hr\/wp-json\/wp\/v2\/pages\/6124');\">Pakiranje tereta<\/a><a class=\"\" onclick=\"term_ajax_get(132,'faq_category','\/hr\/wp-json\/wp\/v2\/pages\/6124');\">Premje\u0161taj i monta\u017ea - RAL<\/a><a class=\"\" onclick=\"term_ajax_get(133,'faq_category','\/hr\/wp-json\/wp\/v2\/pages\/6124');\">Projektni teret<\/a><a class=\"\" onclick=\"term_ajax_get(134,'faq_category','\/hr\/wp-json\/wp\/v2\/pages\/6124');\">Dozvole i pratnje<\/a>\t\t\t\n\t\t<\/div>\n\t<\/div> <div class=\"faq-row accordion-custom ajax-content\"><div class=\"accordion-custom-item\"><a href=\"#\" class=\"accordion-title plain\" aria-expanded=\"false\"><button class=\"toggle\"><i class=\"icon-angle-down\"><\/i><\/button><span>Mo\u017ee li va\u0161a tvrtka premjestiti opremu na novo mjesto?<\/span><\/a><div class=\"acc-inner\" style=\"display:none;\"><p>Za kvalitetno i pravovremeno premje\u0161tanje opreme prvo pregledavamo i mjerimo strojeve, ostalu opremu, skladi\u0161ta, vrata i druge kriti\u010dne to\u010dke.<br><br>\r\nNa toj osnovi pripremamo popis potrebne opreme za premje\u0161tanje i raspored  prema kojem \u0107e se premje\u0161taj odvijati. Sve to stavimo transparentnu ponudu.\r\n<\/p><\/div><\/a><\/div><div class=\"accordion-custom-item\"><a href=\"#\" class=\"accordion-title plain\" aria-expanded=\"false\"><button class=\"toggle\"><i class=\"icon-angle-down\"><\/i><\/button><span>Mo\u017eete li za\u0161tititi teret folijom?<\/span><\/a><div class=\"acc-inner\" style=\"display:none;\"><p>Da, teret mo\u017eemo za\u0161tititi ili spakirati u foliju. To mo\u017eemo u\u010diniti i u va\u0161im prostorijama.<\/p><\/div><\/a><\/div><div class=\"accordion-custom-item\"><a href=\"#\" class=\"accordion-title plain\" aria-expanded=\"false\"><button class=\"toggle\"><i class=\"icon-angle-down\"><\/i><\/button><span>Postoje li posebna ograni\u010denja za izvanredni prijevoz tereta do odre\u0111ene lokacije?<\/span><\/a><div class=\"acc-inner\" style=\"display:none;\"><p>Svaku va\u0161u otpremu tereta tretiramo pojedina\u010dno i raspitujemo se primjenjuju li se posebni propisi i ograni\u010denja u zemljama kroz koje teret putuje. To uklju\u010duje propise za prijevoz opasne robe, vojne po\u0161iljke, velikih tereta, posebne propise za fumigaciju drva (termi\u010dki obra\u0111eno drvo - ISPM 15), carinske posebnosti, ograni\u010denja zbog zagu\u0161enja luka, zra\u010dnih luka, OFAC-a itd.\r\n<br><br>Zbog svih ograni\u010denja i propisa pronalazimo prikladnu transportnu rutu tako da teret stigne na odredi\u0161te na vrijeme i bez o\u0161te\u0107enja.\r\n<\/p><\/div><\/a><\/div><div class=\"accordion-custom-item\"><a href=\"#\" class=\"accordion-title plain\" aria-expanded=\"false\"><button class=\"toggle\"><i class=\"icon-angle-down\"><\/i><\/button><span>Mo\u017eete li adekvatno za\u0161tititi teret za prekomorski prijevoz u na\u0161oj tvrtci?<\/span><\/a><div class=\"acc-inner\" style=\"display:none;\"><p>Pomo\u0107u na\u0161e mobilne jedinice na terenu mo\u017eemo pakirati teret, na lokaciji prema va\u0161oj \u017eelji.\r\nOvisno o va\u0161im zahtjevima ili zahtjevima va\u0161eg kupca, pripremiti \u0107emo cjelovito rje\u0161enje za za\u0161titu tereta, koje \u0107e udovoljavati svim me\u0111unarodnim standardima.\r\n<\/p><\/div><\/a><\/div><div class=\"accordion-custom-item\"><a href=\"#\" class=\"accordion-title plain\" aria-expanded=\"false\"><button class=\"toggle\"><i class=\"icon-angle-down\"><\/i><\/button><span>\u017delimo pro\u0107i kroz Hrvatsku s teretom \u0161irine 3,35 m. Dimenzije kompozicije su: 16,50 x 3,35 x 4,20 \/ 44 t. Kakva nam je dozvola potrebna? Mo\u017eete li organizirati pratnju?<\/span><\/a><div class=\"acc-inner\" style=\"display:none;\"><p>O\u010dekujemo da \u0107ete kroz Hrvatsku voziti po autocesti. Za prijevoz kroz SHrvatsku potrebna vam je dozvola za izvanredni prijevoz na javnim cestama, koju vam dnapravimo za nekoliko dana (za oko 3-5 dana).<br><br>\r\nNakon izdavanja dozvole, mi \u0107emo vam je poslati. Za spomenute dimenzije potrebna vam je i pratnja.\r\n<\/p><\/div><\/a><\/div><\/div> \t\t<\/div>\n\t\t\t\t\t<\/div>\n\n\t <\/div>\r\n","protected":false},"excerpt":{"rendered":"","protected":false},"author":3,"featured_media":6125,"parent":0,"menu_order":0,"comment_status":"closed","ping_status":"closed","template":"page-blank-featured.php","meta":{"_acf_changed":false,"footnotes":""},"class_list":["post-6124","page","type-page","status-publish","has-post-thumbnail","hentry"],"acf":[],"yoast_head":"<!-- This site is optimized with the Yoast SEO plugin v27.3 - https:\/\/yoast.com\/product\/yoast-seo-wordpress\/ -->\n<title>Comark - FAQ - \u0160to je izvanredni prijevoz? - Dali se bavite pakiranjem?<\/title>\n<meta name=\"description\" content=\"Pozvani ste da pro\u010ditate naj\u010de\u0161\u0107e postavljana pitanja i odgovore. Na ovaj na\u010din mo\u017eete jo\u0161 bolje upoznati na\u0161a logisti\u010dka rje\u0161enja.\" \/>\n<meta name=\"robots\" content=\"index, follow, max-snippet:-1, max-image-preview:large, max-video-preview:-1\" \/>\n<link rel=\"canonical\" href=\"https:\/\/comark-logistics.com\/hr\/faq\/\" \/>\n<meta property=\"og:locale\" content=\"hr_HR\" \/>\n<meta property=\"og:type\" content=\"article\" \/>\n<meta property=\"og:title\" content=\"Comark - FAQ - \u0160to je izvanredni prijevoz? - Dali se bavite pakiranjem?\" \/>\n<meta property=\"og:description\" content=\"Pozvani ste da pro\u010ditate naj\u010de\u0161\u0107e postavljana pitanja i odgovore. Na ovaj na\u010din mo\u017eete jo\u0161 bolje upoznati na\u0161a logisti\u010dka rje\u0161enja.\" \/>\n<meta property=\"og:url\" content=\"https:\/\/comark-logistics.com\/hr\/faq\/\" \/>\n<meta property=\"og:site_name\" content=\"Comark\" \/>\n<meta property=\"article:modified_time\" content=\"2021-06-22T10:59:40+00:00\" \/>\n<meta property=\"og:image\" content=\"https:\/\/comark-logistics.com\/wp-content\/uploads\/2020\/05\/comark-storitve.jpg\" \/>\n\t<meta property=\"og:image:width\" content=\"1440\" \/>\n\t<meta property=\"og:image:height\" content=\"570\" \/>\n\t<meta property=\"og:image:type\" content=\"image\/jpeg\" \/>\n<meta name=\"twitter:card\" content=\"summary_large_image\" \/>\n<script type=\"application\/ld+json\" class=\"yoast-schema-graph\">{\"@context\":\"https:\\\/\\\/schema.org\",\"@graph\":[{\"@type\":\"WebPage\",\"@id\":\"https:\\\/\\\/comark-logistics.com\\\/hr\\\/faq\\\/\",\"url\":\"https:\\\/\\\/comark-logistics.com\\\/hr\\\/faq\\\/\",\"name\":\"Comark - FAQ - \u0160to je izvanredni prijevoz? - Dali se bavite pakiranjem?\",\"isPartOf\":{\"@id\":\"https:\\\/\\\/comark-logistics.com\\\/#website\"},\"primaryImageOfPage\":{\"@id\":\"https:\\\/\\\/comark-logistics.com\\\/hr\\\/faq\\\/#primaryimage\"},\"image\":{\"@id\":\"https:\\\/\\\/comark-logistics.com\\\/hr\\\/faq\\\/#primaryimage\"},\"thumbnailUrl\":\"https:\\\/\\\/comark-logistics.com\\\/wp-content\\\/uploads\\\/2020\\\/05\\\/comark-storitve.jpg\",\"datePublished\":\"2020-10-15T12:39:55+00:00\",\"dateModified\":\"2021-06-22T10:59:40+00:00\",\"description\":\"Pozvani ste da pro\u010ditate naj\u010de\u0161\u0107e postavljana pitanja i odgovore. Na ovaj na\u010din mo\u017eete jo\u0161 bolje upoznati na\u0161a logisti\u010dka rje\u0161enja.\",\"breadcrumb\":{\"@id\":\"https:\\\/\\\/comark-logistics.com\\\/hr\\\/faq\\\/#breadcrumb\"},\"inLanguage\":\"hr\",\"potentialAction\":[{\"@type\":\"ReadAction\",\"target\":[\"https:\\\/\\\/comark-logistics.com\\\/hr\\\/faq\\\/\"]}]},{\"@type\":\"ImageObject\",\"inLanguage\":\"hr\",\"@id\":\"https:\\\/\\\/comark-logistics.com\\\/hr\\\/faq\\\/#primaryimage\",\"url\":\"https:\\\/\\\/comark-logistics.com\\\/wp-content\\\/uploads\\\/2020\\\/05\\\/comark-storitve.jpg\",\"contentUrl\":\"https:\\\/\\\/comark-logistics.com\\\/wp-content\\\/uploads\\\/2020\\\/05\\\/comark-storitve.jpg\",\"width\":1440,\"height\":570,\"caption\":\"comark storitve\"},{\"@type\":\"BreadcrumbList\",\"@id\":\"https:\\\/\\\/comark-logistics.com\\\/hr\\\/faq\\\/#breadcrumb\",\"itemListElement\":[{\"@type\":\"ListItem\",\"position\":1,\"name\":\"Home\",\"item\":\"https:\\\/\\\/comark-logistics.com\\\/hr\\\/\"},{\"@type\":\"ListItem\",\"position\":2,\"name\":\"FAQ\"}]},{\"@type\":\"WebSite\",\"@id\":\"https:\\\/\\\/comark-logistics.com\\\/#website\",\"url\":\"https:\\\/\\\/comark-logistics.com\\\/\",\"name\":\"Comark\",\"description\":\"Comark\",\"publisher\":{\"@id\":\"https:\\\/\\\/comark-logistics.com\\\/#organization\"},\"potentialAction\":[{\"@type\":\"SearchAction\",\"target\":{\"@type\":\"EntryPoint\",\"urlTemplate\":\"https:\\\/\\\/comark-logistics.com\\\/?s={search_term_string}\"},\"query-input\":{\"@type\":\"PropertyValueSpecification\",\"valueRequired\":true,\"valueName\":\"search_term_string\"}}],\"inLanguage\":\"hr\"},{\"@type\":\"Organization\",\"@id\":\"https:\\\/\\\/comark-logistics.com\\\/#organization\",\"name\":\"Comark - Project Logistics Company\",\"url\":\"https:\\\/\\\/comark-logistics.com\\\/\",\"logo\":{\"@type\":\"ImageObject\",\"inLanguage\":\"hr\",\"@id\":\"https:\\\/\\\/comark-logistics.com\\\/#\\\/schema\\\/logo\\\/image\\\/\",\"url\":\"https:\\\/\\\/comark-logistics.com\\\/wp-content\\\/uploads\\\/2020\\\/04\\\/comark-logo.png\",\"contentUrl\":\"https:\\\/\\\/comark-logistics.com\\\/wp-content\\\/uploads\\\/2020\\\/04\\\/comark-logo.png\",\"width\":120,\"height\":50,\"caption\":\"Comark - Project Logistics Company\"},\"image\":{\"@id\":\"https:\\\/\\\/comark-logistics.com\\\/#\\\/schema\\\/logo\\\/image\\\/\"}}]}<\/script>\n<!-- \/ Yoast SEO plugin. -->","yoast_head_json":{"title":"Comark - FAQ - \u0160to je izvanredni prijevoz? - Dali se bavite pakiranjem?","description":"Pozvani ste da pro\u010ditate naj\u010de\u0161\u0107e postavljana pitanja i odgovore. Na ovaj na\u010din mo\u017eete jo\u0161 bolje upoznati na\u0161a logisti\u010dka rje\u0161enja.","robots":{"index":"index","follow":"follow","max-snippet":"max-snippet:-1","max-image-preview":"max-image-preview:large","max-video-preview":"max-video-preview:-1"},"canonical":"https:\/\/comark-logistics.com\/hr\/faq\/","og_locale":"hr_HR","og_type":"article","og_title":"Comark - FAQ - \u0160to je izvanredni prijevoz? - Dali se bavite pakiranjem?","og_description":"Pozvani ste da pro\u010ditate naj\u010de\u0161\u0107e postavljana pitanja i odgovore. Na ovaj na\u010din mo\u017eete jo\u0161 bolje upoznati na\u0161a logisti\u010dka rje\u0161enja.","og_url":"https:\/\/comark-logistics.com\/hr\/faq\/","og_site_name":"Comark","article_modified_time":"2021-06-22T10:59:40+00:00","og_image":[{"width":1440,"height":570,"url":"https:\/\/comark-logistics.com\/wp-content\/uploads\/2020\/05\/comark-storitve.jpg","type":"image\/jpeg"}],"twitter_card":"summary_large_image","schema":{"@context":"https:\/\/schema.org","@graph":[{"@type":"WebPage","@id":"https:\/\/comark-logistics.com\/hr\/faq\/","url":"https:\/\/comark-logistics.com\/hr\/faq\/","name":"Comark - FAQ - \u0160to je izvanredni prijevoz? - Dali se bavite pakiranjem?","isPartOf":{"@id":"https:\/\/comark-logistics.com\/#website"},"primaryImageOfPage":{"@id":"https:\/\/comark-logistics.com\/hr\/faq\/#primaryimage"},"image":{"@id":"https:\/\/comark-logistics.com\/hr\/faq\/#primaryimage"},"thumbnailUrl":"https:\/\/comark-logistics.com\/wp-content\/uploads\/2020\/05\/comark-storitve.jpg","datePublished":"2020-10-15T12:39:55+00:00","dateModified":"2021-06-22T10:59:40+00:00","description":"Pozvani ste da pro\u010ditate naj\u010de\u0161\u0107e postavljana pitanja i odgovore. Na ovaj na\u010din mo\u017eete jo\u0161 bolje upoznati na\u0161a logisti\u010dka rje\u0161enja.","breadcrumb":{"@id":"https:\/\/comark-logistics.com\/hr\/faq\/#breadcrumb"},"inLanguage":"hr","potentialAction":[{"@type":"ReadAction","target":["https:\/\/comark-logistics.com\/hr\/faq\/"]}]},{"@type":"ImageObject","inLanguage":"hr","@id":"https:\/\/comark-logistics.com\/hr\/faq\/#primaryimage","url":"https:\/\/comark-logistics.com\/wp-content\/uploads\/2020\/05\/comark-storitve.jpg","contentUrl":"https:\/\/comark-logistics.com\/wp-content\/uploads\/2020\/05\/comark-storitve.jpg","width":1440,"height":570,"caption":"comark storitve"},{"@type":"BreadcrumbList","@id":"https:\/\/comark-logistics.com\/hr\/faq\/#breadcrumb","itemListElement":[{"@type":"ListItem","position":1,"name":"Home","item":"https:\/\/comark-logistics.com\/hr\/"},{"@type":"ListItem","position":2,"name":"FAQ"}]},{"@type":"WebSite","@id":"https:\/\/comark-logistics.com\/#website","url":"https:\/\/comark-logistics.com\/","name":"Comark","description":"Comark","publisher":{"@id":"https:\/\/comark-logistics.com\/#organization"},"potentialAction":[{"@type":"SearchAction","target":{"@type":"EntryPoint","urlTemplate":"https:\/\/comark-logistics.com\/?s={search_term_string}"},"query-input":{"@type":"PropertyValueSpecification","valueRequired":true,"valueName":"search_term_string"}}],"inLanguage":"hr"},{"@type":"Organization","@id":"https:\/\/comark-logistics.com\/#organization","name":"Comark - Project Logistics Company","url":"https:\/\/comark-logistics.com\/","logo":{"@type":"ImageObject","inLanguage":"hr","@id":"https:\/\/comark-logistics.com\/#\/schema\/logo\/image\/","url":"https:\/\/comark-logistics.com\/wp-content\/uploads\/2020\/04\/comark-logo.png","contentUrl":"https:\/\/comark-logistics.com\/wp-content\/uploads\/2020\/04\/comark-logo.png","width":120,"height":50,"caption":"Comark - Project Logistics Company"},"image":{"@id":"https:\/\/comark-logistics.com\/#\/schema\/logo\/image\/"}}]}},"_links":{"self":[{"href":"https:\/\/comark-logistics.com\/hr\/wp-json\/wp\/v2\/pages\/6124","targetHints":{"allow":["GET"]}}],"collection":[{"href":"https:\/\/comark-logistics.com\/hr\/wp-json\/wp\/v2\/pages"}],"about":[{"href":"https:\/\/comark-logistics.com\/hr\/wp-json\/wp\/v2\/types\/page"}],"author":[{"embeddable":true,"href":"https:\/\/comark-logistics.com\/hr\/wp-json\/wp\/v2\/users\/3"}],"replies":[{"embeddable":true,"href":"https:\/\/comark-logistics.com\/hr\/wp-json\/wp\/v2\/comments?post=6124"}],"version-history":[{"count":1,"href":"https:\/\/comark-logistics.com\/hr\/wp-json\/wp\/v2\/pages\/6124\/revisions"}],"predecessor-version":[{"id":7197,"href":"https:\/\/comark-logistics.com\/hr\/wp-json\/wp\/v2\/pages\/6124\/revisions\/7197"}],"wp:featuredmedia":[{"embeddable":true,"href":"https:\/\/comark-logistics.com\/hr\/wp-json\/wp\/v2\/media\/6125"}],"wp:attachment":[{"href":"https:\/\/comark-logistics.com\/hr\/wp-json\/wp\/v2\/media?parent=6124"}],"curies":[{"name":"wp","href":"https:\/\/api.w.org\/{rel}","templated":true}]}}