{"id":27571,"date":"2020-10-15T12:42:58","date_gmt":"2020-10-15T12:42:58","guid":{"rendered":"https:\/\/comark-logistics.com\/o-nama\/"},"modified":"2023-11-16T12:29:06","modified_gmt":"2023-11-16T12:29:06","slug":"politika-kolacica","status":"publish","type":"page","link":"https:\/\/comark-logistics.com\/rs\/politika-kolacica\/","title":{"rendered":"Politika kola\u010di\u0107a"},"content":{"rendered":"\n\t<section class=\"section\" id=\"section_666934042\">\n\t\t<div class=\"section-bg fill\" >\n\t\t\t\t\t\t\t\t\t\n\t\t\t\n\n\t\t<\/div>\n\n\t\t\n\n\t\t<div class=\"section-content relative\">\n\t\t\t\n<div class=\"row\"  id=\"row-1534554791\">\n\n\t<div id=\"col-2088072271\" class=\"col small-12 large-12\"  >\n\t\t\t\t<div class=\"col-inner\"  >\n\t\t\t\n\t\t\t\n<div>Comark d.o.o. veb stranica koristi takozvane kola\u010di\u0107e kako bi neometano funkcionisao. To su datoteke, koje se \u010duvaju na korisnikovom ure\u0111aju kada pristupaju veb stranici. Kola\u010di\u0107i sadr\u017ee jedinstvene podatke o korisniku i njegovom izboru pode\u0161avanja na veb stranici.<\/div>\n<div>\n<h2>\u0160ta su kola\u010di\u0107i?<\/h2>\n<p>Kola\u010di\u0107i su male tekstualne datoteke koju ve\u0107ina veb stranica koristi za \u010duvanje podataka na korisni\u010dkim ure\u0111ajima sa kojih pristupaju internetu, sa ciljem identifikovanja individualnih ure\u0111aja koje korisnici koriste. Njihovo \u010duvanje je pod potpunom kontrolom korisnika \u2013 korisnik ima mogu\u0107nost brisanja, ograni\u010denja ili onemogu\u0107avanja kola\u010di\u0107a.<\/p>\n<h2>\u010cemu slu\u017ee kola\u010di\u0107i?<\/h2>\n<p>Upotreba onlajn kola\u010di\u0107a je \u010desta i po\u017eeljna u onlajn proizvodima. Upotreba kola\u010di\u0107a omogu\u0107ava vi\u0161i nivo usluge, koji podrazumeva \u010duvanje podataka o registraciji, kori\u0161\u0107enje onlajn prodavnica, prevencija preteranog prikazivanja reklama itd. Bez kola\u010di\u0107a, bi tako\u0111e bilo nemogu\u0107e imati uvid u broj poseta veb stranice. Kola\u010di\u0107i su neophodni za pru\u017eanje online usluga prilago\u0111enim korisniku. Oni \u010dine interakciju izme\u0111u korisnika i veb stranice br\u017eom i jednostavnijom. Uz njihovu pomo\u0107, veb stranica pamti prethodne izbora i iskustva pojedinca, \u0161tede\u0107i vreme i \u010dine\u0107i veb pretra\u017eivanje efikasnijim i lak\u0161im.<\/p>\n<p>Neki primeri upotrebe kola\u010di\u0107a:<\/p>\n<ul>\n<li>Za bolje korisni\u010dko iskustvo na veb stranici, prilago\u0111avamo prikaz sadr\u017eaja posetiocima na osnovu prethodnih poseta,<\/li>\n<li>Za \u010duvanje izbora pri kreiranju u\u017eih izbora i ponuda i njihovom pore\u0111enju,<\/li>\n<li>Za prepoznavanje Va\u0161eg ure\u0111aja (ra\u010dunara, tableta, smartfona) \u0161to omogu\u0107ava prikazivanje sadr\u017eaja u formatu prilago\u0111enom Va\u0161em ure\u0111aju,<\/li>\n<li>Za pra\u0107enje poseta veb stranici i navigacije korisnika kroz veb-sajt radi kontinuiranog pobolj\u0161anja veb stranice.<\/li>\n<\/ul>\n<h2>Lista kola\u010di\u0107a<\/h2>\n<h3>Neophodni kola\u010di\u0107i<\/h3>\n<table style=\"height: 148px;\" width=\"280\">\n<tbody>\n<tr>\n<td><strong>Naziv kola\u010di\u0107a<\/strong><\/td>\n<td><strong>Namena<\/strong><\/td>\n<td><strong>Du\u017eina <\/strong><\/td>\n<\/tr>\n<tr>\n<td><span style=\"font-weight: 400;\">wp-wpml_<\/span><\/p>\n<p><span style=\"font-weight: 400;\">current_<\/span><\/p>\n<p><span style=\"font-weight: 400;\">language<\/span><\/p>\n<\/td>\n<td>\u010cuvanje podataka o korisnikovom izboru jezika na veb stranici.<\/td>\n<td><span style=\"font-weight: 400;\">1 godina\u00a0<\/span><\/td>\n<\/tr>\n<\/tbody>\n<\/table>\n<h3>Gugl mape (Kola\u010di\u0107i za prikaz mape)<\/h3>\n<table style=\"height: 529px;\" width=\"280\">\n<tbody>\n<tr>\n<td><strong>Naziv kola\u010di\u0107a<\/strong><\/td>\n<td><strong>Namena<\/strong><\/td>\n<td><strong>Du\u017eina <\/strong><\/td>\n<\/tr>\n<tr>\n<td><span style=\"font-weight: 400;\">SIDCC<\/span><\/td>\n<td>Omogu\u0107ava identifikaciju pouzdanog veb protoka .<\/td>\n<td><span style=\"font-weight: 400;\">1 godina<\/span><\/td>\n<\/tr>\n<tr>\n<td><span style=\"font-weight: 400;\">APISID<\/span><\/td>\n<td>Uskla\u0111uje Gugl reklame na veb stranici sa nedavnim pretragama i interakcijama.<\/td>\n<td><span style=\"font-weight: 400;\">2 godine\u00a0<\/span><\/td>\n<\/tr>\n<tr>\n<td><span style=\"font-weight: 400;\">SSID<\/span><\/td>\n<td>Gugl prikuplja podatke posetilaca za video zapise na Jutjubu integrisane u Gugl mape.<\/td>\n<td><span style=\"font-weight: 400;\">2 godine <\/span><\/td>\n<\/tr>\n<tr>\n<td><span style=\"font-weight: 400;\">SAPISID<\/span><\/td>\n<td>Gugl sakuplja podatke posetilaza za video zapise na Jutjubu.<\/td>\n<td><span style=\"font-weight: 400;\">2 godine <\/span><\/td>\n<\/tr>\n<tr>\n<td><span style=\"font-weight: 400;\">NID<\/span><\/td>\n<td>\u010cuva pode\u0161avanja posetilaca i prilago\u0111ava reklame na Gugl sajtovima na osnovu nedavnih pretraga i interakcija<\/td>\n<td><span style=\"font-weight: 400;\">6 meseci<\/span><\/td>\n<\/tr>\n<tr>\n<td><span style=\"font-weight: 400;\">OTZ<\/span><\/td>\n<td><span style=\"font-weight: 400;\">Povezuje aktivnosti posetilaca veb-sajta sa drugim ure\u0111ajima koji su koristi Gugl nalog. Na ovaj na\u010din, reklame se prilago\u0111avaju razli\u010ditim ure\u0111ajima.Na ta na\u010din so oglasi prilagojeni razli\u010dnim napravam.<\/span><\/td>\n<td><span style=\"font-weight: 400;\">1 mesec<\/span><\/td>\n<\/tr>\n<\/tbody>\n<\/table>\n<h3><span style=\"font-weight: 400;\">Analiti\u010dki kola\u010di\u0107i<\/span><\/h3>\n<table style=\"height: 195px;\" width=\"282\">\n<tbody>\n<tr>\n<td><strong>Naziv kola\u010di\u0107a<\/strong><\/td>\n<td><strong>Namena<\/strong><\/td>\n<td><strong>Du\u017eina <\/strong><\/td>\n<\/tr>\n<tr>\n<td><span style=\"font-weight: 400;\">_ga<\/span><\/td>\n<td>\u010cuva podatke o broju poseta veb stranici.<\/td>\n<td><span style=\"font-weight: 400;\">2 godine\u00a0<\/span><\/td>\n<\/tr>\n<tr>\n<td><span style=\"font-weight: 400;\">_gid<\/span><\/td>\n<td>\u010cuva podatke o broju poseta veb stranici.<\/td>\n<td><span style=\"font-weight: 400;\">1 dan<\/span><\/td>\n<\/tr>\n<\/tbody>\n<\/table>\n<h2>Kako upravljati kola\u010di\u0107ima?<\/h2>\n<p>Korisnik ima potpunu kontrolu nad kola\u010di\u0107ima, mo\u017ee da ih obri\u0161e, ograni\u010di ili potupno onemogu\u0107i u bilo kojem trenutku. Uputstva za ovo se mogu prona\u0107i na po\u010detnoj stranici razli\u010ditih proizvo\u0111a\u010da softvera, s obzirom da se procedura razlikuje kod svakog proizvo\u0111a\u010da. S toga, Vi odlu\u010dujete da li \u0107ete prihvatiti \u010duvanje kola\u010di\u0107a na Va\u0161em ure\u0111aju. Mo\u017eete kontrolisati i menjati njihova pode\u0161avanja preko svojeg veb pretra\u017eiva\u010da.<\/p>\n<p>Dakle, kola\u010di\u0107i nisu ni\u0161ta novo, svi poseticioci veb stranica imaju kola\u010di\u0107e sa razli\u010ditih veb-sajtova sa\u010duvane na svojim ure\u0111ajima. Ukoliko onemogu\u0107ite \u010duvanje kola\u010di\u0107a, neke funkcije veb-sajta mogu biti nefunkcionalne.<\/p>\n<h2>Odluka je Va\u0161a<\/h2>\n<p>Na Comark d.o.o. veb-sajtu, nudimo Vam izbor da prihvatite kola\u010di\u0107e ili ne. \u017delimo da istaknemo da odbijanje kola\u010di\u0107a mo\u017ee dovesti do problema u prikazu i funkcionisanju veb-sajta.<\/p>\n<p>Ukoliko prihvatite kola\u010di\u0107e, a kasnije se predomislite, odluku mo\u017eete promeniti tako \u0161to \u0107ete obrisati kola\u010di\u0107e (uputstva za ovo se mogu na\u0107i na pojedinim internet pretra\u017eiva\u010dima). Nakon brisanja kola\u010di\u0107a, pri poseti veb-sajta ponovo \u0107ete biti upitani da li \u017eelite kola\u010di\u0107e ili ne.<\/p>\n<\/div>\n\t\t<\/div>\n\t\t\t\t\t<\/div>\n\n\t\n<\/div>\n\t\t<\/div>\n\n\t\t\n<style>\n#section_666934042 {\n  padding-top: 30px;\n  padding-bottom: 30px;\n}\n<\/style>\n\t<\/section>\n\t\n","protected":false},"excerpt":{"rendered":"","protected":false},"author":3,"featured_media":27572,"parent":0,"menu_order":0,"comment_status":"closed","ping_status":"closed","template":"single-storitev.php","meta":{"_acf_changed":false,"footnotes":""},"class_list":["post-27571","page","type-page","status-publish","has-post-thumbnail","hentry"],"acf":[],"yoast_head":"<!-- This site is optimized with the Yoast SEO plugin v27.3 - https:\/\/yoast.com\/product\/yoast-seo-wordpress\/ -->\n<title>Comark - Politika kola\u010di\u0107a - Usluge - Hrvatska - Luka Rijeka<\/title>\n<meta name=\"description\" content=\"Nekoliko rije\u010di o na\u0161oj tvrtki, koje certifikate posjedujemo, koje ciljeve slijedimo i prednosti koje prijednosti dobijete kad nas izaberete.\" \/>\n<meta name=\"robots\" content=\"index, follow, max-snippet:-1, max-image-preview:large, max-video-preview:-1\" \/>\n<link rel=\"canonical\" href=\"https:\/\/comark-logistics.com\/rs\/politika-kolacica\/\" \/>\n<meta property=\"og:locale\" content=\"en_US\" \/>\n<meta property=\"og:type\" content=\"article\" \/>\n<meta property=\"og:title\" content=\"Comark - Politika kola\u010di\u0107a - Usluge - Hrvatska - Luka Rijeka\" \/>\n<meta property=\"og:description\" content=\"Nekoliko rije\u010di o na\u0161oj tvrtki, koje certifikate posjedujemo, koje ciljeve slijedimo i prednosti koje prijednosti dobijete kad nas izaberete.\" \/>\n<meta property=\"og:url\" content=\"https:\/\/comark-logistics.com\/rs\/politika-kolacica\/\" \/>\n<meta property=\"og:site_name\" content=\"Comark\" \/>\n<meta property=\"article:modified_time\" content=\"2023-11-16T12:29:06+00:00\" \/>\n<meta property=\"og:image\" content=\"https:\/\/comark-logistics.com\/wp-content\/uploads\/2020\/10\/o-nas-comark-header-8.jpg\" \/>\n\t<meta property=\"og:image:width\" content=\"2048\" \/>\n\t<meta property=\"og:image:height\" content=\"1365\" \/>\n\t<meta property=\"og:image:type\" content=\"image\/jpeg\" \/>\n<meta name=\"twitter:card\" content=\"summary_large_image\" \/>\n<script type=\"application\/ld+json\" class=\"yoast-schema-graph\">{\"@context\":\"https:\\\/\\\/schema.org\",\"@graph\":[{\"@type\":\"WebPage\",\"@id\":\"https:\\\/\\\/comark-logistics.com\\\/rs\\\/politika-kolacica\\\/\",\"url\":\"https:\\\/\\\/comark-logistics.com\\\/rs\\\/politika-kolacica\\\/\",\"name\":\"Comark - Politika kola\u010di\u0107a - Usluge - Hrvatska - Luka Rijeka\",\"isPartOf\":{\"@id\":\"https:\\\/\\\/comark-logistics.com\\\/#website\"},\"primaryImageOfPage\":{\"@id\":\"https:\\\/\\\/comark-logistics.com\\\/rs\\\/politika-kolacica\\\/#primaryimage\"},\"image\":{\"@id\":\"https:\\\/\\\/comark-logistics.com\\\/rs\\\/politika-kolacica\\\/#primaryimage\"},\"thumbnailUrl\":\"https:\\\/\\\/comark-logistics.com\\\/wp-content\\\/uploads\\\/2020\\\/10\\\/o-nas-comark-header-8.jpg\",\"datePublished\":\"2020-10-15T12:42:58+00:00\",\"dateModified\":\"2023-11-16T12:29:06+00:00\",\"description\":\"Nekoliko rije\u010di o na\u0161oj tvrtki, koje certifikate posjedujemo, koje ciljeve slijedimo i prednosti koje prijednosti dobijete kad nas izaberete.\",\"breadcrumb\":{\"@id\":\"https:\\\/\\\/comark-logistics.com\\\/rs\\\/politika-kolacica\\\/#breadcrumb\"},\"inLanguage\":\"rs\",\"potentialAction\":[{\"@type\":\"ReadAction\",\"target\":[\"https:\\\/\\\/comark-logistics.com\\\/rs\\\/politika-kolacica\\\/\"]}]},{\"@type\":\"ImageObject\",\"inLanguage\":\"rs\",\"@id\":\"https:\\\/\\\/comark-logistics.com\\\/rs\\\/politika-kolacica\\\/#primaryimage\",\"url\":\"https:\\\/\\\/comark-logistics.com\\\/wp-content\\\/uploads\\\/2020\\\/10\\\/o-nas-comark-header-8.jpg\",\"contentUrl\":\"https:\\\/\\\/comark-logistics.com\\\/wp-content\\\/uploads\\\/2020\\\/10\\\/o-nas-comark-header-8.jpg\",\"width\":2048,\"height\":1365,\"caption\":\"o nas comark header\"},{\"@type\":\"BreadcrumbList\",\"@id\":\"https:\\\/\\\/comark-logistics.com\\\/rs\\\/politika-kolacica\\\/#breadcrumb\",\"itemListElement\":[{\"@type\":\"ListItem\",\"position\":1,\"name\":\"Home\",\"item\":\"https:\\\/\\\/comark-logistics.com\\\/rs\\\/\"},{\"@type\":\"ListItem\",\"position\":2,\"name\":\"Politika kola\u010di\u0107a\"}]},{\"@type\":\"WebSite\",\"@id\":\"https:\\\/\\\/comark-logistics.com\\\/#website\",\"url\":\"https:\\\/\\\/comark-logistics.com\\\/\",\"name\":\"Comark\",\"description\":\"Comark\",\"publisher\":{\"@id\":\"https:\\\/\\\/comark-logistics.com\\\/#organization\"},\"potentialAction\":[{\"@type\":\"SearchAction\",\"target\":{\"@type\":\"EntryPoint\",\"urlTemplate\":\"https:\\\/\\\/comark-logistics.com\\\/?s={search_term_string}\"},\"query-input\":{\"@type\":\"PropertyValueSpecification\",\"valueRequired\":true,\"valueName\":\"search_term_string\"}}],\"inLanguage\":\"rs\"},{\"@type\":\"Organization\",\"@id\":\"https:\\\/\\\/comark-logistics.com\\\/#organization\",\"name\":\"Comark - Project Logistics Company\",\"url\":\"https:\\\/\\\/comark-logistics.com\\\/\",\"logo\":{\"@type\":\"ImageObject\",\"inLanguage\":\"rs\",\"@id\":\"https:\\\/\\\/comark-logistics.com\\\/#\\\/schema\\\/logo\\\/image\\\/\",\"url\":\"https:\\\/\\\/comark-logistics.com\\\/wp-content\\\/uploads\\\/2020\\\/04\\\/comark-logo.png\",\"contentUrl\":\"https:\\\/\\\/comark-logistics.com\\\/wp-content\\\/uploads\\\/2020\\\/04\\\/comark-logo.png\",\"width\":120,\"height\":50,\"caption\":\"Comark - Project Logistics Company\"},\"image\":{\"@id\":\"https:\\\/\\\/comark-logistics.com\\\/#\\\/schema\\\/logo\\\/image\\\/\"}}]}<\/script>\n<!-- \/ Yoast SEO plugin. -->","yoast_head_json":{"title":"Comark - Politika kola\u010di\u0107a - Usluge - Hrvatska - Luka Rijeka","description":"Nekoliko rije\u010di o na\u0161oj tvrtki, koje certifikate posjedujemo, koje ciljeve slijedimo i prednosti koje prijednosti dobijete kad nas izaberete.","robots":{"index":"index","follow":"follow","max-snippet":"max-snippet:-1","max-image-preview":"max-image-preview:large","max-video-preview":"max-video-preview:-1"},"canonical":"https:\/\/comark-logistics.com\/rs\/politika-kolacica\/","og_locale":"en_US","og_type":"article","og_title":"Comark - Politika kola\u010di\u0107a - Usluge - Hrvatska - Luka Rijeka","og_description":"Nekoliko rije\u010di o na\u0161oj tvrtki, koje certifikate posjedujemo, koje ciljeve slijedimo i prednosti koje prijednosti dobijete kad nas izaberete.","og_url":"https:\/\/comark-logistics.com\/rs\/politika-kolacica\/","og_site_name":"Comark","article_modified_time":"2023-11-16T12:29:06+00:00","og_image":[{"width":2048,"height":1365,"url":"https:\/\/comark-logistics.com\/wp-content\/uploads\/2020\/10\/o-nas-comark-header-8.jpg","type":"image\/jpeg"}],"twitter_card":"summary_large_image","schema":{"@context":"https:\/\/schema.org","@graph":[{"@type":"WebPage","@id":"https:\/\/comark-logistics.com\/rs\/politika-kolacica\/","url":"https:\/\/comark-logistics.com\/rs\/politika-kolacica\/","name":"Comark - Politika kola\u010di\u0107a - Usluge - Hrvatska - Luka Rijeka","isPartOf":{"@id":"https:\/\/comark-logistics.com\/#website"},"primaryImageOfPage":{"@id":"https:\/\/comark-logistics.com\/rs\/politika-kolacica\/#primaryimage"},"image":{"@id":"https:\/\/comark-logistics.com\/rs\/politika-kolacica\/#primaryimage"},"thumbnailUrl":"https:\/\/comark-logistics.com\/wp-content\/uploads\/2020\/10\/o-nas-comark-header-8.jpg","datePublished":"2020-10-15T12:42:58+00:00","dateModified":"2023-11-16T12:29:06+00:00","description":"Nekoliko rije\u010di o na\u0161oj tvrtki, koje certifikate posjedujemo, koje ciljeve slijedimo i prednosti koje prijednosti dobijete kad nas izaberete.","breadcrumb":{"@id":"https:\/\/comark-logistics.com\/rs\/politika-kolacica\/#breadcrumb"},"inLanguage":"rs","potentialAction":[{"@type":"ReadAction","target":["https:\/\/comark-logistics.com\/rs\/politika-kolacica\/"]}]},{"@type":"ImageObject","inLanguage":"rs","@id":"https:\/\/comark-logistics.com\/rs\/politika-kolacica\/#primaryimage","url":"https:\/\/comark-logistics.com\/wp-content\/uploads\/2020\/10\/o-nas-comark-header-8.jpg","contentUrl":"https:\/\/comark-logistics.com\/wp-content\/uploads\/2020\/10\/o-nas-comark-header-8.jpg","width":2048,"height":1365,"caption":"o nas comark header"},{"@type":"BreadcrumbList","@id":"https:\/\/comark-logistics.com\/rs\/politika-kolacica\/#breadcrumb","itemListElement":[{"@type":"ListItem","position":1,"name":"Home","item":"https:\/\/comark-logistics.com\/rs\/"},{"@type":"ListItem","position":2,"name":"Politika kola\u010di\u0107a"}]},{"@type":"WebSite","@id":"https:\/\/comark-logistics.com\/#website","url":"https:\/\/comark-logistics.com\/","name":"Comark","description":"Comark","publisher":{"@id":"https:\/\/comark-logistics.com\/#organization"},"potentialAction":[{"@type":"SearchAction","target":{"@type":"EntryPoint","urlTemplate":"https:\/\/comark-logistics.com\/?s={search_term_string}"},"query-input":{"@type":"PropertyValueSpecification","valueRequired":true,"valueName":"search_term_string"}}],"inLanguage":"rs"},{"@type":"Organization","@id":"https:\/\/comark-logistics.com\/#organization","name":"Comark - Project Logistics Company","url":"https:\/\/comark-logistics.com\/","logo":{"@type":"ImageObject","inLanguage":"rs","@id":"https:\/\/comark-logistics.com\/#\/schema\/logo\/image\/","url":"https:\/\/comark-logistics.com\/wp-content\/uploads\/2020\/04\/comark-logo.png","contentUrl":"https:\/\/comark-logistics.com\/wp-content\/uploads\/2020\/04\/comark-logo.png","width":120,"height":50,"caption":"Comark - Project Logistics Company"},"image":{"@id":"https:\/\/comark-logistics.com\/#\/schema\/logo\/image\/"}}]}},"_links":{"self":[{"href":"https:\/\/comark-logistics.com\/rs\/wp-json\/wp\/v2\/pages\/27571","targetHints":{"allow":["GET"]}}],"collection":[{"href":"https:\/\/comark-logistics.com\/rs\/wp-json\/wp\/v2\/pages"}],"about":[{"href":"https:\/\/comark-logistics.com\/rs\/wp-json\/wp\/v2\/types\/page"}],"author":[{"embeddable":true,"href":"https:\/\/comark-logistics.com\/rs\/wp-json\/wp\/v2\/users\/3"}],"replies":[{"embeddable":true,"href":"https:\/\/comark-logistics.com\/rs\/wp-json\/wp\/v2\/comments?post=27571"}],"version-history":[{"count":3,"href":"https:\/\/comark-logistics.com\/rs\/wp-json\/wp\/v2\/pages\/27571\/revisions"}],"predecessor-version":[{"id":28396,"href":"https:\/\/comark-logistics.com\/rs\/wp-json\/wp\/v2\/pages\/27571\/revisions\/28396"}],"wp:featuredmedia":[{"embeddable":true,"href":"https:\/\/comark-logistics.com\/rs\/wp-json\/wp\/v2\/media\/27572"}],"wp:attachment":[{"href":"https:\/\/comark-logistics.com\/rs\/wp-json\/wp\/v2\/media?parent=27571"}],"curies":[{"name":"wp","href":"https:\/\/api.w.org\/{rel}","templated":true}]}}