{"id":27560,"date":"2020-05-08T08:01:44","date_gmt":"2020-05-08T08:01:44","guid":{"rendered":"https:\/\/comark-logistics.com\/o-nas-2\/"},"modified":"2023-11-16T12:02:19","modified_gmt":"2023-11-16T12:02:19","slug":"politika-piskotkov","status":"publish","type":"page","link":"https:\/\/comark-logistics.com\/sl\/politika-piskotkov\/","title":{"rendered":"Politika pi\u0161kotkov"},"content":{"rendered":"\n\t<section class=\"section\" id=\"section_1883224727\">\n\t\t<div class=\"section-bg fill\" >\n\t\t\t\t\t\t\t\t\t\n\t\t\t\n\n\t\t<\/div>\n\n\t\t\n\n\t\t<div class=\"section-content relative\">\n\t\t\t\n<div class=\"row\"  id=\"row-595698037\">\n\n\t<div id=\"col-1332436889\" class=\"col small-12 large-12\"  >\n\t\t\t\t<div class=\"col-inner\"  >\n\t\t\t\n\t\t\t\n<div>Spletno mesto podjetja Comark d.o.o. za svoje nemoteno delovanje uporabljajo t.i. pi\u0161kotke (cookies).<\/div>\n<div><\/div>\n<div>\n<p>To so datoteke, ki se odlagajo na napravi uporabnika, s katero dostopa do spletnega mesta. Z njimi se na uporabnikovi napravi hranijo unikatni podatki o uporabniku oziroma nastavitve, ki si jih je na posameznem spletnem mestu izbral<\/p>\n<h2>Kaj so pi\u0161kotki?<\/h2>\n<p>Pi\u0161kotki so male besedilne datoteke, ki jih ve\u010dina spletnih mest shrani v naprave, s katerimi uporabniki dostopajo do interneta, z namenom prepoznavanja posameznih naprav, ki so jih uporabniki uporabili pri dostopu. Njihovo shranjevanje je pod popolnim nadzorom brskalnika, ki ga ima uporabnik \u2013 ta lahko shranjevanje pi\u0161kotkov po \u017eelji omeji ali onemogo\u010di.<\/p>\n<h2>Kaj pi\u0161kotki po\u010dnejo?<\/h2>\n<p>Uporaba spletnih pi\u0161kotkov je v spletni produkciji obi\u010dajna in za\u017eelena. Z njo je namre\u010d omogo\u010dena vi\u0161ja raven storitev, kot so shranjevanje potrdila o registraciji, uporaba spletne trgovine, prepre\u010devanje pretiranega prikazovanja oglasnih pasic in podobno. Brez uporabe pi\u0161kotkov tudi ne bi bilo mogo\u010de meriti obiskanosti spletnih mest. Pi\u0161kotki so temeljnega pomena za zagotavljanje do uporabnika prijaznih spletnih storitev. Interakcija med spletnim uporabnikom in spletnim mestom je zaradi njih hitrej\u0161a in enostavnej\u0161a. Z njihovo pomo\u010djo si spletno mesto zapomni posameznikove preference in izku\u0161nje, s tem je prihranjen \u010das, brskanje po spletnih mestih pa je bolj u\u010dinkovito in prijazno.<\/p>\n<p>Nekaj primerov uporabe pi\u0161kotkov:<\/p>\n<ul>\n<li>za bolj\u0161o uporabni\u0161ko izku\u0161njo spletne strani obiskovalcem prilagodimo prikaz vsebine glede na pretekle obiske,<\/li>\n<li>za shranjevanje izbire pri ustvarjanju o\u017ejega izbora in ponudbe ter njihove primerjave,<\/li>\n<li>za prepoznavanje va\u0161e naprave (ra\u010dunalnik, tablica, pametni telefon), ki omogo\u010da prilagajanje prikaza vsebine va\u0161i napravi,<\/li>\n<li>za spremljanje obiska spletnega mesta, ter premikanja uporabnika po spletnem mestu za nenehno izbolj\u0161avo spletnih mest.<\/li>\n<\/ul>\n<h2>Popis pi\u0161kotkov<\/h2>\n<h3>Nujno potrebni pi\u0161kotki<\/h3>\n<table style=\"height: 148px;\" width=\"280\">\n<tbody>\n<tr>\n<td><strong>Ime pi\u0161kotka\u00a0<\/strong><\/td>\n<td><strong>Namen<\/strong><\/td>\n<td><strong>Trajanje\u00a0<\/strong><\/td>\n<\/tr>\n<tr>\n<td><span style=\"font-weight: 400;\">wp-wpml_<\/span><\/p>\n<p><span style=\"font-weight: 400;\">current_<\/span><\/p>\n<p><span style=\"font-weight: 400;\">language<\/span><\/td>\n<td><span style=\"font-weight: 400;\">Bele\u017eenje uporabnikove izbire jezika spletne strani<\/span><\/td>\n<td><span style=\"font-weight: 400;\">1 leto\u00a0<\/span><\/td>\n<\/tr>\n<\/tbody>\n<\/table>\n<h3>Google Maps (pi\u0161kotki za prikaz zemljevida)<\/h3>\n<table style=\"height: 529px;\" width=\"280\">\n<tbody>\n<tr>\n<td><strong>Ime pi\u0161kotka\u00a0<\/strong><\/td>\n<td><strong>Namen<\/strong><\/td>\n<td><strong>Trajanje\u00a0<\/strong><\/td>\n<\/tr>\n<tr>\n<td><span style=\"font-weight: 400;\">SIDCC<\/span><\/td>\n<td><span style=\"font-weight: 400;\">Zagotoviti identifikacijo zaupanja vrednega spletnega prometa.<\/span><\/td>\n<td><span style=\"font-weight: 400;\">1 leto<\/span><\/td>\n<\/tr>\n<tr>\n<td><span style=\"font-weight: 400;\">APISID<\/span><\/td>\n<td><span style=\"font-weight: 400;\">Prilagodi Googlove oglase na spletnih mestih na podlagi nedavnih iskanj in interakcij.<\/span><\/td>\n<td><span style=\"font-weight: 400;\">2 leti\u00a0<\/span><\/td>\n<\/tr>\n<tr>\n<td><span style=\"font-weight: 400;\">SSID<\/span><\/td>\n<td><span style=\"font-weight: 400;\">Google zbira podatke o obiskovalcih za videoposnetke, ki jih gosti YouTube na zemljevidih, integriranih z Google Zemljevidi.<\/span><\/td>\n<td><span style=\"font-weight: 400;\">2 leti\u00a0<\/span><\/td>\n<\/tr>\n<tr>\n<td><span style=\"font-weight: 400;\">SAPISID<\/span><\/td>\n<td><span style=\"font-weight: 400;\">Google zbira podatke o obiskovalcih za videoposnetke, ki jih gosti YouTube.<\/span><\/td>\n<td><span style=\"font-weight: 400;\">2 leti\u00a0<\/span><\/td>\n<\/tr>\n<tr>\n<td><span style=\"font-weight: 400;\">NID<\/span><\/td>\n<td><span style=\"font-weight: 400;\">Shrani nastavitve obiskovalcev in prilagodi oglase na Googlovih spletnih mestih na podlagi nedavnih iskanj in interakcij.<\/span><\/td>\n<td><span style=\"font-weight: 400;\">6 mesecev<\/span><\/td>\n<\/tr>\n<tr>\n<td><span style=\"font-weight: 400;\">OTZ<\/span><\/td>\n<td><span style=\"font-weight: 400;\">Povezuje dejavnosti obiskovalcev spletne strani z drugimi napravami, ki so bile predhodno prijavljene prek Google Ra\u010duna.<br \/>\nNa ta na\u010din so oglasi prilagojeni razli\u010dnim napravam.<\/span><\/td>\n<td><span style=\"font-weight: 400;\">1 mesec<\/span><\/td>\n<\/tr>\n<\/tbody>\n<\/table>\n<h3>Analiti\u010dni pi\u0161kotki\u00a0<span style=\"font-weight: 400;\"><br \/>\n<\/span><\/h3>\n<table style=\"height: 195px;\" width=\"282\">\n<tbody>\n<tr>\n<td><strong>Ime pi\u0161kotka\u00a0<\/strong><\/td>\n<td><strong>Namen<\/strong><\/td>\n<td><strong>Trajanje\u00a0<\/strong><\/td>\n<\/tr>\n<tr>\n<td><span style=\"font-weight: 400;\">_ga<\/span><\/td>\n<td><span style=\"font-weight: 400;\">Sledi in shranjuje podatke o \u0161tevilu ogledov strani.<\/span><\/td>\n<td><span style=\"font-weight: 400;\">2 leti\u00a0<\/span><\/td>\n<\/tr>\n<tr>\n<td><span style=\"font-weight: 400;\">_gid<\/span><\/td>\n<td><span style=\"font-weight: 400;\">Sledi in shranjuje podatke o \u0161tevilu ogledov strani.<\/span><\/td>\n<td><span style=\"font-weight: 400;\">1 dan<\/span><\/td>\n<\/tr>\n<\/tbody>\n<\/table>\n<h2>Kako upravljati pi\u0161kotke?<\/h2>\n<p>Uporabnik v vsakem \u010dasu ohranja popoln nadzor nad pi\u0161kotki, saj jih lahko kadarkoli izbri\u0161e, omeji ali povsem onemogo\u010di. Navodila, kako to stori, se razlikujejo od naprave do naprave in so na voljo na doma\u010di strani posameznega proizvajalca programske opreme. Vi torej dolo\u010dite, ali boste dovolili shranjevanje pi\u0161kotkov na svoji napravi. Nastavitve zanje lahko nadzirate in spreminjate v svojem spletnem brskalniku.<\/p>\n<p>Pi\u0161kotki torej niso ni\u010d novega, vsi obiskovalci spletnih mest imamo na svojih napravah shranjenih \u017ee veliko pi\u0161kotkov z razli\u010dnih spletnih strani. \u010ce pi\u0161kotke izklju\u010dite, so lahko nekatere mo\u017enosti spletnega mesta onemogo\u010dene.<\/p>\n<h2>Odlo\u010ditev je va\u0161a<\/h2>\n<p>Na spletnem mestu podjetja Comark d.o.o., uporabnikom ponujamo mo\u017enost, da se odlo\u010dijo o sprejetju ali zavrnitvi pi\u0161kotkov. Pri tem opozarjamo, da njihova izklju\u010ditev lahko privede do te\u017eav s prikazovanjem in delovanjem spletne strani.<\/p>\n<p>\u010ce boste soglasje za pi\u0161kotke dali, pa si boste kasneje premislili, boste morali ponastaviti svojo odlo\u010ditev tako, da boste pi\u0161kotke izbrisali (navodila, kako to storiti so za nekatere brskalnike so objavljena v posameznih brskalnikih). Po izbrisu boste ponovno dobili obvestilo ali \u017eelite pi\u0161kotke.<\/p>\n<\/div>\n\t\t<\/div>\n\t\t\t\t\t<\/div>\n\n\t\n<\/div>\n\t\t<\/div>\n\n\t\t\n<style>\n#section_1883224727 {\n  padding-top: 30px;\n  padding-bottom: 30px;\n}\n<\/style>\n\t<\/section>\n\t\n","protected":false},"excerpt":{"rendered":"","protected":false},"author":2,"featured_media":27581,"parent":0,"menu_order":0,"comment_status":"closed","ping_status":"closed","template":"single-storitev.php","meta":{"_acf_changed":false,"footnotes":""},"class_list":["post-27560","page","type-page","status-publish","has-post-thumbnail","hentry"],"acf":[],"yoast_head":"<!-- This site is optimized with the Yoast SEO plugin v27.0 - https:\/\/yoast.com\/product\/yoast-seo-wordpress\/ -->\n<title>Comark - Politika pi\u0161kotkov - Politika kakovosti - Certifikati - Prednosti<\/title>\n<meta name=\"description\" content=\"V Comarku skrbimo za varnost osebnih podatkov. Preverite politiko pi\u0161kotkov. Kontaktirajte nas za dodatne informacije.\" \/>\n<meta name=\"robots\" content=\"index, follow, max-snippet:-1, max-image-preview:large, max-video-preview:-1\" \/>\n<link rel=\"canonical\" href=\"https:\/\/comark-logistics.com\/sl\/politika-piskotkov\/\" \/>\n<meta property=\"og:locale\" content=\"sl_SI\" \/>\n<meta property=\"og:type\" content=\"article\" \/>\n<meta property=\"og:title\" content=\"Comark - Politika pi\u0161kotkov - Politika kakovosti - Certifikati - Prednosti\" \/>\n<meta property=\"og:description\" content=\"V Comarku skrbimo za varnost osebnih podatkov. Preverite politiko pi\u0161kotkov. Kontaktirajte nas za dodatne informacije.\" \/>\n<meta property=\"og:url\" content=\"https:\/\/comark-logistics.com\/sl\/politika-piskotkov\/\" \/>\n<meta property=\"og:site_name\" content=\"Comark\" \/>\n<meta property=\"article:modified_time\" content=\"2023-11-16T12:02:19+00:00\" \/>\n<meta property=\"og:image\" content=\"https:\/\/comark-logistics.com\/wp-content\/uploads\/2020\/05\/o-nas-comark-header-2.jpg\" \/>\n\t<meta property=\"og:image:width\" content=\"2048\" \/>\n\t<meta property=\"og:image:height\" content=\"1365\" \/>\n\t<meta property=\"og:image:type\" content=\"image\/jpeg\" \/>\n<meta name=\"twitter:card\" content=\"summary_large_image\" \/>\n<script type=\"application\/ld+json\" class=\"yoast-schema-graph\">{\"@context\":\"https:\/\/schema.org\",\"@graph\":[{\"@type\":\"WebPage\",\"@id\":\"https:\/\/comark-logistics.com\/sl\/politika-piskotkov\/\",\"url\":\"https:\/\/comark-logistics.com\/sl\/politika-piskotkov\/\",\"name\":\"Comark - Politika pi\u0161kotkov - Politika kakovosti - Certifikati - Prednosti\",\"isPartOf\":{\"@id\":\"https:\/\/comark-logistics.com\/#website\"},\"primaryImageOfPage\":{\"@id\":\"https:\/\/comark-logistics.com\/sl\/politika-piskotkov\/#primaryimage\"},\"image\":{\"@id\":\"https:\/\/comark-logistics.com\/sl\/politika-piskotkov\/#primaryimage\"},\"thumbnailUrl\":\"https:\/\/comark-logistics.com\/wp-content\/uploads\/2020\/05\/o-nas-comark-header-2.jpg\",\"datePublished\":\"2020-05-08T08:01:44+00:00\",\"dateModified\":\"2023-11-16T12:02:19+00:00\",\"description\":\"V Comarku skrbimo za varnost osebnih podatkov. Preverite politiko pi\u0161kotkov. Kontaktirajte nas za dodatne informacije.\",\"breadcrumb\":{\"@id\":\"https:\/\/comark-logistics.com\/sl\/politika-piskotkov\/#breadcrumb\"},\"inLanguage\":\"sl-SI\",\"potentialAction\":[{\"@type\":\"ReadAction\",\"target\":[\"https:\/\/comark-logistics.com\/sl\/politika-piskotkov\/\"]}]},{\"@type\":\"ImageObject\",\"inLanguage\":\"sl-SI\",\"@id\":\"https:\/\/comark-logistics.com\/sl\/politika-piskotkov\/#primaryimage\",\"url\":\"https:\/\/comark-logistics.com\/wp-content\/uploads\/2020\/05\/o-nas-comark-header-2.jpg\",\"contentUrl\":\"https:\/\/comark-logistics.com\/wp-content\/uploads\/2020\/05\/o-nas-comark-header-2.jpg\",\"width\":2048,\"height\":1365,\"caption\":\"o nas comark header\"},{\"@type\":\"BreadcrumbList\",\"@id\":\"https:\/\/comark-logistics.com\/sl\/politika-piskotkov\/#breadcrumb\",\"itemListElement\":[{\"@type\":\"ListItem\",\"position\":1,\"name\":\"Home\",\"item\":\"https:\/\/comark-logistics.com\/sl\/\"},{\"@type\":\"ListItem\",\"position\":2,\"name\":\"Politika pi\u0161kotkov\"}]},{\"@type\":\"WebSite\",\"@id\":\"https:\/\/comark-logistics.com\/#website\",\"url\":\"https:\/\/comark-logistics.com\/\",\"name\":\"Comark\",\"description\":\"Comark\",\"publisher\":{\"@id\":\"https:\/\/comark-logistics.com\/#organization\"},\"potentialAction\":[{\"@type\":\"SearchAction\",\"target\":{\"@type\":\"EntryPoint\",\"urlTemplate\":\"https:\/\/comark-logistics.com\/?s={search_term_string}\"},\"query-input\":{\"@type\":\"PropertyValueSpecification\",\"valueRequired\":true,\"valueName\":\"search_term_string\"}}],\"inLanguage\":\"sl-SI\"},{\"@type\":\"Organization\",\"@id\":\"https:\/\/comark-logistics.com\/#organization\",\"name\":\"Comark - Project Logistics Company\",\"url\":\"https:\/\/comark-logistics.com\/\",\"logo\":{\"@type\":\"ImageObject\",\"inLanguage\":\"sl-SI\",\"@id\":\"https:\/\/comark-logistics.com\/#\/schema\/logo\/image\/\",\"url\":\"https:\/\/comark-logistics.com\/wp-content\/uploads\/2020\/04\/comark-logo.png\",\"contentUrl\":\"https:\/\/comark-logistics.com\/wp-content\/uploads\/2020\/04\/comark-logo.png\",\"width\":120,\"height\":50,\"caption\":\"Comark - Project Logistics Company\"},\"image\":{\"@id\":\"https:\/\/comark-logistics.com\/#\/schema\/logo\/image\/\"}}]}<\/script>\n<!-- \/ Yoast SEO plugin. -->","yoast_head_json":{"title":"Comark - Politika pi\u0161kotkov - Politika kakovosti - Certifikati - Prednosti","description":"V Comarku skrbimo za varnost osebnih podatkov. Preverite politiko pi\u0161kotkov. Kontaktirajte nas za dodatne informacije.","robots":{"index":"index","follow":"follow","max-snippet":"max-snippet:-1","max-image-preview":"max-image-preview:large","max-video-preview":"max-video-preview:-1"},"canonical":"https:\/\/comark-logistics.com\/sl\/politika-piskotkov\/","og_locale":"sl_SI","og_type":"article","og_title":"Comark - Politika pi\u0161kotkov - Politika kakovosti - Certifikati - Prednosti","og_description":"V Comarku skrbimo za varnost osebnih podatkov. Preverite politiko pi\u0161kotkov. Kontaktirajte nas za dodatne informacije.","og_url":"https:\/\/comark-logistics.com\/sl\/politika-piskotkov\/","og_site_name":"Comark","article_modified_time":"2023-11-16T12:02:19+00:00","og_image":[{"width":2048,"height":1365,"url":"https:\/\/comark-logistics.com\/wp-content\/uploads\/2020\/05\/o-nas-comark-header-2.jpg","type":"image\/jpeg"}],"twitter_card":"summary_large_image","schema":{"@context":"https:\/\/schema.org","@graph":[{"@type":"WebPage","@id":"https:\/\/comark-logistics.com\/sl\/politika-piskotkov\/","url":"https:\/\/comark-logistics.com\/sl\/politika-piskotkov\/","name":"Comark - Politika pi\u0161kotkov - Politika kakovosti - Certifikati - Prednosti","isPartOf":{"@id":"https:\/\/comark-logistics.com\/#website"},"primaryImageOfPage":{"@id":"https:\/\/comark-logistics.com\/sl\/politika-piskotkov\/#primaryimage"},"image":{"@id":"https:\/\/comark-logistics.com\/sl\/politika-piskotkov\/#primaryimage"},"thumbnailUrl":"https:\/\/comark-logistics.com\/wp-content\/uploads\/2020\/05\/o-nas-comark-header-2.jpg","datePublished":"2020-05-08T08:01:44+00:00","dateModified":"2023-11-16T12:02:19+00:00","description":"V Comarku skrbimo za varnost osebnih podatkov. Preverite politiko pi\u0161kotkov. Kontaktirajte nas za dodatne informacije.","breadcrumb":{"@id":"https:\/\/comark-logistics.com\/sl\/politika-piskotkov\/#breadcrumb"},"inLanguage":"sl-SI","potentialAction":[{"@type":"ReadAction","target":["https:\/\/comark-logistics.com\/sl\/politika-piskotkov\/"]}]},{"@type":"ImageObject","inLanguage":"sl-SI","@id":"https:\/\/comark-logistics.com\/sl\/politika-piskotkov\/#primaryimage","url":"https:\/\/comark-logistics.com\/wp-content\/uploads\/2020\/05\/o-nas-comark-header-2.jpg","contentUrl":"https:\/\/comark-logistics.com\/wp-content\/uploads\/2020\/05\/o-nas-comark-header-2.jpg","width":2048,"height":1365,"caption":"o nas comark header"},{"@type":"BreadcrumbList","@id":"https:\/\/comark-logistics.com\/sl\/politika-piskotkov\/#breadcrumb","itemListElement":[{"@type":"ListItem","position":1,"name":"Home","item":"https:\/\/comark-logistics.com\/sl\/"},{"@type":"ListItem","position":2,"name":"Politika pi\u0161kotkov"}]},{"@type":"WebSite","@id":"https:\/\/comark-logistics.com\/#website","url":"https:\/\/comark-logistics.com\/","name":"Comark","description":"Comark","publisher":{"@id":"https:\/\/comark-logistics.com\/#organization"},"potentialAction":[{"@type":"SearchAction","target":{"@type":"EntryPoint","urlTemplate":"https:\/\/comark-logistics.com\/?s={search_term_string}"},"query-input":{"@type":"PropertyValueSpecification","valueRequired":true,"valueName":"search_term_string"}}],"inLanguage":"sl-SI"},{"@type":"Organization","@id":"https:\/\/comark-logistics.com\/#organization","name":"Comark - Project Logistics Company","url":"https:\/\/comark-logistics.com\/","logo":{"@type":"ImageObject","inLanguage":"sl-SI","@id":"https:\/\/comark-logistics.com\/#\/schema\/logo\/image\/","url":"https:\/\/comark-logistics.com\/wp-content\/uploads\/2020\/04\/comark-logo.png","contentUrl":"https:\/\/comark-logistics.com\/wp-content\/uploads\/2020\/04\/comark-logo.png","width":120,"height":50,"caption":"Comark - Project Logistics Company"},"image":{"@id":"https:\/\/comark-logistics.com\/#\/schema\/logo\/image\/"}}]}},"_links":{"self":[{"href":"https:\/\/comark-logistics.com\/sl\/wp-json\/wp\/v2\/pages\/27560","targetHints":{"allow":["GET"]}}],"collection":[{"href":"https:\/\/comark-logistics.com\/sl\/wp-json\/wp\/v2\/pages"}],"about":[{"href":"https:\/\/comark-logistics.com\/sl\/wp-json\/wp\/v2\/types\/page"}],"author":[{"embeddable":true,"href":"https:\/\/comark-logistics.com\/sl\/wp-json\/wp\/v2\/users\/2"}],"replies":[{"embeddable":true,"href":"https:\/\/comark-logistics.com\/sl\/wp-json\/wp\/v2\/comments?post=27560"}],"version-history":[{"count":16,"href":"https:\/\/comark-logistics.com\/sl\/wp-json\/wp\/v2\/pages\/27560\/revisions"}],"predecessor-version":[{"id":28391,"href":"https:\/\/comark-logistics.com\/sl\/wp-json\/wp\/v2\/pages\/27560\/revisions\/28391"}],"wp:featuredmedia":[{"embeddable":true,"href":"https:\/\/comark-logistics.com\/sl\/wp-json\/wp\/v2\/media\/27581"}],"wp:attachment":[{"href":"https:\/\/comark-logistics.com\/sl\/wp-json\/wp\/v2\/media?parent=27560"}],"curies":[{"name":"wp","href":"https:\/\/api.w.org\/{rel}","templated":true}]}}