{"id":476,"date":"2020-05-08T08:01:44","date_gmt":"2020-05-08T08:01:44","guid":{"rendered":"https:\/\/comark-logistics.com\/?page_id=476"},"modified":"2022-03-07T13:20:36","modified_gmt":"2022-03-07T13:20:36","slug":"faq","status":"publish","type":"page","link":"https:\/\/comark-logistics.com\/sl\/faq\/","title":{"rendered":"FAQ"},"content":{"rendered":"\r\n<div class=\"row\"  id=\"row-1577376961\"> \n\t<div id=\"col-555133395\" class=\"col faq-section small-12 large-12\"  >\n\t\t\t\t<div class=\"col-inner\"  >\n\t\t\t\n\t\t\t\t<div class=\"container col filter-categories\">\n\t\t<label class=\"filter-label\">Filtriraj po:<\/label><\/p>\n\t\t<div class=\"filter-list\">\n\t\t\t<a class=\"\" onclick=\"term_ajax_get(101,'faq_category','\/sl\/wp-json\/wp\/v2\/pages\/476');\">Vse<\/a>\n\t\t\t<a class=\"\" onclick=\"term_ajax_get(102,'faq_category','\/sl\/wp-json\/wp\/v2\/pages\/476');\">Izredni Prevozi<\/a><a class=\"\" onclick=\"term_ajax_get(103,'faq_category','\/sl\/wp-json\/wp\/v2\/pages\/476');\">Projektni Tovor<\/a><a class=\"\" onclick=\"term_ajax_get(104,'faq_category','\/sl\/wp-json\/wp\/v2\/pages\/476');\">Selitev Opreme \u2013 RAL<\/a><a class=\"\" onclick=\"term_ajax_get(100,'faq_category','\/sl\/wp-json\/wp\/v2\/pages\/476');\">Pakiranje tovora<\/a><a class=\"\" onclick=\"term_ajax_get(99,'faq_category','\/sl\/wp-json\/wp\/v2\/pages\/476');\">Dovoljenje in Spremstvo<\/a>\t\t\t\n\t\t<\/div>\n\t<\/div> <div class=\"faq-row accordion-custom ajax-content\"><div class=\"accordion-custom-item\"><a href=\"#\" class=\"accordion-title plain\" aria-expanded=\"false\"><button class=\"toggle\"><i class=\"icon-angle-down\"><\/i><\/button><span>Ali lahko va\u0161e podjetje preseli strojno opremo na novo lokacijo?<\/span><\/a><div class=\"acc-inner\" style=\"display:none;\"><p>Za kvalitetno in pravo\u010dasno selitev opreme najprej opravimo ogled in meritve strojev, ostale opreme, transportnih poti v hali, vrat in drugih kriti\u010dnih to\u010dk.\r\n<br><br>Na tej osnovi pripravimo seznam potrebne selitvene opreme in \u010dasovnico po kateri se bo selitev odvijala. Vse skupaj strnemo v pregledno ponudbo.<\/p><\/div><\/a><\/div><div class=\"accordion-custom-item\"><a href=\"#\" class=\"accordion-title plain\" aria-expanded=\"false\"><button class=\"toggle\"><i class=\"icon-angle-down\"><\/i><\/button><span>Ali va\u0161e podjetje lahko za\u0161\u010diti tovor s termoskr\u010dljivo folijo?<\/span><\/a><div class=\"acc-inner\" style=\"display:none;\"><p>Tovor lahko za\u0161\u010ditimo oziroma pakiramo v termoskr\u010dljivo folijo (Shrink Wrap Foil). To lahko storimo tudi pri vas z na\u0161o terensko pakirano ekipo.<\/p><\/div><\/a><\/div><div class=\"accordion-custom-item\"><a href=\"#\" class=\"accordion-title plain\" aria-expanded=\"false\"><button class=\"toggle\"><i class=\"icon-angle-down\"><\/i><\/button><span>Ali veljajo posebne omejitve pri prevozu izrednega tovora na specifi\u010dno destinacijo?<\/span><\/a><div class=\"acc-inner\" style=\"display:none;\"><p>Vsako va\u0161o po\u0161iljko obravnavamo individualno in se pozanimamo ali veljajo posebne regulacije in omejitve v vseh dr\u017eavah po kateri tovor potuje. To vklju\u010duje regulative za prevoz nevarnih snovi, voja\u0161kih po\u0161iljk, izrednih tovorov, posebne regulacije za fumigacijo lesa (termo tretiran les), carinske posebnosti, omejitve zaradi zakr\u010denosti luk, letali\u0161\u010d, OFAC ipd.\r\n<br><br>Vsled vseh omejitev in regulativ poi\u0161\u010demo primerno transportno pot, da pride po\u0161iljka na destinacijo pravo\u010dasno in nepo\u0161kodovana.<\/p><\/div><\/a><\/div><div class=\"accordion-custom-item\"><a href=\"#\" class=\"accordion-title plain\" aria-expanded=\"false\"><button class=\"toggle\"><i class=\"icon-angle-down\"><\/i><\/button><span>Ali lahko organizirate prevoz nevarnih snovi?<\/span><\/a><div class=\"acc-inner\" style=\"display:none;\"><p>Lahko, ob dolo\u010denih izpolnjenih pogojih (ustrezno pakiranje, sprejemljivost tovora na destinaciji ipd.). Na\u0161i certificirani varnostni svetovalci vam bodo znali pravilno svetovati kako vsak tovor pravilno zapakirati, ter najti optimalno transportno pot do va\u0161ega kupca.\r\n<br><br>Poleg izrednih po\u0161iljk, ki vsebujejo \u0161iroke, visoke ali zelo te\u017eke tovore v na\u0161em podjetju redno odpremljamo po\u0161iljke z zelo nevarnimi in voja\u0161kimi po\u0161iljkami (npr. ADR\/IMO 1 \u2013 eksplozivi ipd).\r\n<br><br>Za prevoz nevarnih snovi je pomembno, da je vsa dokumentacija pravilno izpolnjenja, poleg tega pa da se uporabi ustrezna prevozna sredstva in za\u0161\u010dita.<\/p><\/div><\/a><\/div><div class=\"accordion-custom-item\"><a href=\"#\" class=\"accordion-title plain\" aria-expanded=\"false\"><button class=\"toggle\"><i class=\"icon-angle-down\"><\/i><\/button><span>Ali lahko va\u0161e podjetje organizira dovoljenja in spremstva  za Slovenijo?<\/span><\/a><div class=\"acc-inner\" style=\"display:none;\"><p>Da, lahko organiziramo dovoljenja in spremstva za Slovenijo. Prav tako lahko organiziramo dovoljenja in spremstva za dr\u017eave EU in Balkana. To je velika prednost, saj kot naro\u010dnik, ne glede na to \u010dez koliko dr\u017eav vozite, vedno komunicirate samo z eno osebo.<\/p><\/div><\/a><\/div><div class=\"accordion-custom-item\"><a href=\"#\" class=\"accordion-title plain\" aria-expanded=\"false\"><button class=\"toggle\"><i class=\"icon-angle-down\"><\/i><\/button><span>Ali lahko va\u0161e podjetje organizira transport izrednega tovora in nekaj kontejnerjev v Avstralijo?<\/span><\/a><div class=\"acc-inner\" style=\"display:none;\"><p>Transport lahko organiziramo tako za izredni tovor kot navadne kontejnerje. Upo\u0161tevati pa je potrebno zakonitosti, ki veljajo pri transportu izrednih tovorov po cesti in z ladjo. Poskrbeti je potrebno za tovoru primerno prekomorsko pakiranje, ki lahko vklju\u010duje ovijanje v folije in \/ ali fizi\u010dno za\u0161\u010dito z lesenimi zaboji.\r\n<br> <br>Za del transporta, ki poteka po cesti pridobimo vsa potrebna dovoljenja, zagotovimo spremstva in prilagojena prevozna sredstva. Pri ladjarjih se na osnovi \u0161tevila kontejnerjev in bruto dimenzij izrednih tovor dogovorimo za ladijsko voznino in rezerviramo potreben prostor na ladji. V lukah poskrbimo za naklad \/ razklad. Sledi le \u0161e lokalna dostava do va\u0161ega kupca v Avstraliji.<\/p><\/div><\/a><\/div><div class=\"accordion-custom-item\"><a href=\"#\" class=\"accordion-title plain\" aria-expanded=\"false\"><button class=\"toggle\"><i class=\"icon-angle-down\"><\/i><\/button><span>Kupec na\u0161ega proizvoda se nahaja v Zdru\u017eenih dr\u017eavah Amerike (ZDA), za potrebe ladijskega transporta bi morali tovor ustrezno za\u0161\u010dititi. Ali lahko tovor ustrezno za\u0161\u010ditite in to na sede\u017eu na\u0161ega podjetja?<\/span><\/a><div class=\"acc-inner\" style=\"display:none;\"><p>Z na\u0161o terensko pakirno enoto lahko tovor prekomorsko za\u0161\u010ditimo tudi na va\u0161em izbranem naslovu.\r\n<br><br>Glede na va\u0161e zahteve ali zahteve va\u0161ega kupca bomo pripravili celovito re\u0161itev prekomorske za\u0161\u010dite tovora, ki bo ustrezala vsem mednarodnim standardom in obremenitvam med transportom.<\/p><\/div><\/a><\/div><div class=\"accordion-custom-item\"><a href=\"#\" class=\"accordion-title plain\" aria-expanded=\"false\"><button class=\"toggle\"><i class=\"icon-angle-down\"><\/i><\/button><span>S tovorom \u0161irokim 3,35m \u017eelimo pre\u010dkati Slovenijo. Dimenzije kompozicije so: 16,50 x 3,35 x 4,20 m \/ 44 T. Katere dokumente potrebujemo? Kako je s spremstvom?<\/span><\/a><div class=\"acc-inner\" style=\"display:none;\"><p>Predvidevamo, da boste Slovenijo prevozili po avtocestnem kri\u017eu. Za prevoz skozi Slovenijo potrebujete dovoljenje za izredni prevoz po javnih cestah, ki ga za vas uredimo v nekaj dneh (na\u010deloma 3-5 dni). <br><br>\r\nDovoljenje vam po izdaji tudi dostavimo na \u017eeljeni vstopni mejni prehod. Za omenjene dimenzije kompozicije potrebujete tudi eno enostavno SPREMSTVO.<\/p><\/div><\/a><\/div><\/div> \t\t<\/div>\n\t\t\t\t\t<\/div>\n\n\t <\/div>\r\n","protected":false},"excerpt":{"rendered":"","protected":false},"author":2,"featured_media":417,"parent":0,"menu_order":0,"comment_status":"closed","ping_status":"closed","template":"page-blank-featured.php","meta":{"_acf_changed":false,"footnotes":""},"class_list":["post-476","page","type-page","status-publish","has-post-thumbnail","hentry"],"acf":[],"yoast_head":"<!-- This site is optimized with the Yoast SEO plugin v27.3 - https:\/\/yoast.com\/product\/yoast-seo-wordpress\/ -->\n<title>Comark - FAQ - Kaj je izredni prevoz? - Kaj je prekomorsko pakiranje?<\/title>\n<meta name=\"description\" content=\"Vabljeni k branju najpogostej\u0161ih vpra\u0161anj in odgovorov na temo izrednih prevozov. Tako lahko \u0161e bolje spoznate na\u0161e zmogljivosti in re\u0161itve.\" \/>\n<meta name=\"robots\" content=\"index, follow, max-snippet:-1, max-image-preview:large, max-video-preview:-1\" \/>\n<link rel=\"canonical\" href=\"https:\/\/comark-logistics.com\/sl\/faq\/\" \/>\n<meta property=\"og:locale\" content=\"sl_SI\" \/>\n<meta property=\"og:type\" content=\"article\" \/>\n<meta property=\"og:title\" content=\"Comark - FAQ - Kaj je izredni prevoz? - Kaj je prekomorsko pakiranje?\" \/>\n<meta property=\"og:description\" content=\"Vabljeni k branju najpogostej\u0161ih vpra\u0161anj in odgovorov na temo izrednih prevozov. Tako lahko \u0161e bolje spoznate na\u0161e zmogljivosti in re\u0161itve.\" \/>\n<meta property=\"og:url\" content=\"https:\/\/comark-logistics.com\/sl\/faq\/\" \/>\n<meta property=\"og:site_name\" content=\"Comark\" \/>\n<meta property=\"article:modified_time\" content=\"2022-03-07T13:20:36+00:00\" \/>\n<meta property=\"og:image\" content=\"https:\/\/comark-logistics.com\/wp-content\/uploads\/2020\/05\/comark-storitve.jpg\" \/>\n\t<meta property=\"og:image:width\" content=\"1440\" \/>\n\t<meta property=\"og:image:height\" content=\"570\" \/>\n\t<meta property=\"og:image:type\" content=\"image\/jpeg\" \/>\n<meta name=\"twitter:card\" content=\"summary_large_image\" \/>\n<script type=\"application\/ld+json\" class=\"yoast-schema-graph\">{\"@context\":\"https:\\\/\\\/schema.org\",\"@graph\":[{\"@type\":\"WebPage\",\"@id\":\"https:\\\/\\\/comark-logistics.com\\\/sl\\\/faq\\\/\",\"url\":\"https:\\\/\\\/comark-logistics.com\\\/sl\\\/faq\\\/\",\"name\":\"Comark - FAQ - Kaj je izredni prevoz? - Kaj je prekomorsko pakiranje?\",\"isPartOf\":{\"@id\":\"https:\\\/\\\/comark-logistics.com\\\/#website\"},\"primaryImageOfPage\":{\"@id\":\"https:\\\/\\\/comark-logistics.com\\\/sl\\\/faq\\\/#primaryimage\"},\"image\":{\"@id\":\"https:\\\/\\\/comark-logistics.com\\\/sl\\\/faq\\\/#primaryimage\"},\"thumbnailUrl\":\"https:\\\/\\\/comark-logistics.com\\\/wp-content\\\/uploads\\\/2020\\\/05\\\/comark-storitve.jpg\",\"datePublished\":\"2020-05-08T08:01:44+00:00\",\"dateModified\":\"2022-03-07T13:20:36+00:00\",\"description\":\"Vabljeni k branju najpogostej\u0161ih vpra\u0161anj in odgovorov na temo izrednih prevozov. Tako lahko \u0161e bolje spoznate na\u0161e zmogljivosti in re\u0161itve.\",\"breadcrumb\":{\"@id\":\"https:\\\/\\\/comark-logistics.com\\\/sl\\\/faq\\\/#breadcrumb\"},\"inLanguage\":\"sl-SI\",\"potentialAction\":[{\"@type\":\"ReadAction\",\"target\":[\"https:\\\/\\\/comark-logistics.com\\\/sl\\\/faq\\\/\"]}]},{\"@type\":\"ImageObject\",\"inLanguage\":\"sl-SI\",\"@id\":\"https:\\\/\\\/comark-logistics.com\\\/sl\\\/faq\\\/#primaryimage\",\"url\":\"https:\\\/\\\/comark-logistics.com\\\/wp-content\\\/uploads\\\/2020\\\/05\\\/comark-storitve.jpg\",\"contentUrl\":\"https:\\\/\\\/comark-logistics.com\\\/wp-content\\\/uploads\\\/2020\\\/05\\\/comark-storitve.jpg\",\"width\":1440,\"height\":570,\"caption\":\"comark storitve\"},{\"@type\":\"BreadcrumbList\",\"@id\":\"https:\\\/\\\/comark-logistics.com\\\/sl\\\/faq\\\/#breadcrumb\",\"itemListElement\":[{\"@type\":\"ListItem\",\"position\":1,\"name\":\"Home\",\"item\":\"https:\\\/\\\/comark-logistics.com\\\/sl\\\/\"},{\"@type\":\"ListItem\",\"position\":2,\"name\":\"FAQ\"}]},{\"@type\":\"WebSite\",\"@id\":\"https:\\\/\\\/comark-logistics.com\\\/#website\",\"url\":\"https:\\\/\\\/comark-logistics.com\\\/\",\"name\":\"Comark\",\"description\":\"Comark\",\"publisher\":{\"@id\":\"https:\\\/\\\/comark-logistics.com\\\/#organization\"},\"potentialAction\":[{\"@type\":\"SearchAction\",\"target\":{\"@type\":\"EntryPoint\",\"urlTemplate\":\"https:\\\/\\\/comark-logistics.com\\\/?s={search_term_string}\"},\"query-input\":{\"@type\":\"PropertyValueSpecification\",\"valueRequired\":true,\"valueName\":\"search_term_string\"}}],\"inLanguage\":\"sl-SI\"},{\"@type\":\"Organization\",\"@id\":\"https:\\\/\\\/comark-logistics.com\\\/#organization\",\"name\":\"Comark - Project Logistics Company\",\"url\":\"https:\\\/\\\/comark-logistics.com\\\/\",\"logo\":{\"@type\":\"ImageObject\",\"inLanguage\":\"sl-SI\",\"@id\":\"https:\\\/\\\/comark-logistics.com\\\/#\\\/schema\\\/logo\\\/image\\\/\",\"url\":\"https:\\\/\\\/comark-logistics.com\\\/wp-content\\\/uploads\\\/2020\\\/04\\\/comark-logo.png\",\"contentUrl\":\"https:\\\/\\\/comark-logistics.com\\\/wp-content\\\/uploads\\\/2020\\\/04\\\/comark-logo.png\",\"width\":120,\"height\":50,\"caption\":\"Comark - Project Logistics Company\"},\"image\":{\"@id\":\"https:\\\/\\\/comark-logistics.com\\\/#\\\/schema\\\/logo\\\/image\\\/\"}}]}<\/script>\n<!-- \/ Yoast SEO plugin. -->","yoast_head_json":{"title":"Comark - FAQ - Kaj je izredni prevoz? - Kaj je prekomorsko pakiranje?","description":"Vabljeni k branju najpogostej\u0161ih vpra\u0161anj in odgovorov na temo izrednih prevozov. Tako lahko \u0161e bolje spoznate na\u0161e zmogljivosti in re\u0161itve.","robots":{"index":"index","follow":"follow","max-snippet":"max-snippet:-1","max-image-preview":"max-image-preview:large","max-video-preview":"max-video-preview:-1"},"canonical":"https:\/\/comark-logistics.com\/sl\/faq\/","og_locale":"sl_SI","og_type":"article","og_title":"Comark - FAQ - Kaj je izredni prevoz? - Kaj je prekomorsko pakiranje?","og_description":"Vabljeni k branju najpogostej\u0161ih vpra\u0161anj in odgovorov na temo izrednih prevozov. Tako lahko \u0161e bolje spoznate na\u0161e zmogljivosti in re\u0161itve.","og_url":"https:\/\/comark-logistics.com\/sl\/faq\/","og_site_name":"Comark","article_modified_time":"2022-03-07T13:20:36+00:00","og_image":[{"width":1440,"height":570,"url":"https:\/\/comark-logistics.com\/wp-content\/uploads\/2020\/05\/comark-storitve.jpg","type":"image\/jpeg"}],"twitter_card":"summary_large_image","schema":{"@context":"https:\/\/schema.org","@graph":[{"@type":"WebPage","@id":"https:\/\/comark-logistics.com\/sl\/faq\/","url":"https:\/\/comark-logistics.com\/sl\/faq\/","name":"Comark - FAQ - Kaj je izredni prevoz? - Kaj je prekomorsko pakiranje?","isPartOf":{"@id":"https:\/\/comark-logistics.com\/#website"},"primaryImageOfPage":{"@id":"https:\/\/comark-logistics.com\/sl\/faq\/#primaryimage"},"image":{"@id":"https:\/\/comark-logistics.com\/sl\/faq\/#primaryimage"},"thumbnailUrl":"https:\/\/comark-logistics.com\/wp-content\/uploads\/2020\/05\/comark-storitve.jpg","datePublished":"2020-05-08T08:01:44+00:00","dateModified":"2022-03-07T13:20:36+00:00","description":"Vabljeni k branju najpogostej\u0161ih vpra\u0161anj in odgovorov na temo izrednih prevozov. Tako lahko \u0161e bolje spoznate na\u0161e zmogljivosti in re\u0161itve.","breadcrumb":{"@id":"https:\/\/comark-logistics.com\/sl\/faq\/#breadcrumb"},"inLanguage":"sl-SI","potentialAction":[{"@type":"ReadAction","target":["https:\/\/comark-logistics.com\/sl\/faq\/"]}]},{"@type":"ImageObject","inLanguage":"sl-SI","@id":"https:\/\/comark-logistics.com\/sl\/faq\/#primaryimage","url":"https:\/\/comark-logistics.com\/wp-content\/uploads\/2020\/05\/comark-storitve.jpg","contentUrl":"https:\/\/comark-logistics.com\/wp-content\/uploads\/2020\/05\/comark-storitve.jpg","width":1440,"height":570,"caption":"comark storitve"},{"@type":"BreadcrumbList","@id":"https:\/\/comark-logistics.com\/sl\/faq\/#breadcrumb","itemListElement":[{"@type":"ListItem","position":1,"name":"Home","item":"https:\/\/comark-logistics.com\/sl\/"},{"@type":"ListItem","position":2,"name":"FAQ"}]},{"@type":"WebSite","@id":"https:\/\/comark-logistics.com\/#website","url":"https:\/\/comark-logistics.com\/","name":"Comark","description":"Comark","publisher":{"@id":"https:\/\/comark-logistics.com\/#organization"},"potentialAction":[{"@type":"SearchAction","target":{"@type":"EntryPoint","urlTemplate":"https:\/\/comark-logistics.com\/?s={search_term_string}"},"query-input":{"@type":"PropertyValueSpecification","valueRequired":true,"valueName":"search_term_string"}}],"inLanguage":"sl-SI"},{"@type":"Organization","@id":"https:\/\/comark-logistics.com\/#organization","name":"Comark - Project Logistics Company","url":"https:\/\/comark-logistics.com\/","logo":{"@type":"ImageObject","inLanguage":"sl-SI","@id":"https:\/\/comark-logistics.com\/#\/schema\/logo\/image\/","url":"https:\/\/comark-logistics.com\/wp-content\/uploads\/2020\/04\/comark-logo.png","contentUrl":"https:\/\/comark-logistics.com\/wp-content\/uploads\/2020\/04\/comark-logo.png","width":120,"height":50,"caption":"Comark - Project Logistics Company"},"image":{"@id":"https:\/\/comark-logistics.com\/#\/schema\/logo\/image\/"}}]}},"_links":{"self":[{"href":"https:\/\/comark-logistics.com\/sl\/wp-json\/wp\/v2\/pages\/476","targetHints":{"allow":["GET"]}}],"collection":[{"href":"https:\/\/comark-logistics.com\/sl\/wp-json\/wp\/v2\/pages"}],"about":[{"href":"https:\/\/comark-logistics.com\/sl\/wp-json\/wp\/v2\/types\/page"}],"author":[{"embeddable":true,"href":"https:\/\/comark-logistics.com\/sl\/wp-json\/wp\/v2\/users\/2"}],"replies":[{"embeddable":true,"href":"https:\/\/comark-logistics.com\/sl\/wp-json\/wp\/v2\/comments?post=476"}],"version-history":[{"count":20,"href":"https:\/\/comark-logistics.com\/sl\/wp-json\/wp\/v2\/pages\/476\/revisions"}],"predecessor-version":[{"id":5487,"href":"https:\/\/comark-logistics.com\/sl\/wp-json\/wp\/v2\/pages\/476\/revisions\/5487"}],"wp:featuredmedia":[{"embeddable":true,"href":"https:\/\/comark-logistics.com\/sl\/wp-json\/wp\/v2\/media\/417"}],"wp:attachment":[{"href":"https:\/\/comark-logistics.com\/sl\/wp-json\/wp\/v2\/media?parent=476"}],"curies":[{"name":"wp","href":"https:\/\/api.w.org\/{rel}","templated":true}]}}